{"id":7275,"date":"2016-09-08T15:52:06","date_gmt":"2016-09-08T15:52:06","guid":{"rendered":"http:\/\/globalpacta.com\/roberto-martinez"},"modified":"2020-01-09T16:44:19","modified_gmt":"2020-01-09T16:44:19","slug":"roberto-martinez","status":"publish","type":"page","link":"https:\/\/globalpacta.com\/fr\/equipo-2\/roberto-martinez\/","title":{"rendered":"ROBERTO MART\u00cdNEZ"},"content":{"rendered":"<div class=\"fusion-fullwidth fullwidth-box fusion-builder-row-1 gp-single-team nonhundred-percent-fullwidth non-hundred-percent-height-scrolling\" style=\"--awb-background-position:left top;--awb-border-radius-top-left:0px;--awb-border-radius-top-right:0px;--awb-border-radius-bottom-right:0px;--awb-border-radius-bottom-left:0px;--awb-padding-top:20px;--awb-padding-bottom:20px;--awb-border-sizes-top:0px;--awb-border-sizes-bottom:0px;--awb-flex-wrap:wrap;\" ><div class=\"fusion-builder-row fusion-row\"><div class=\"fusion-layout-column fusion_builder_column fusion-builder-column-0 fusion_builder_column_1_2 1_2 fusion-one-half fusion-column-first\" style=\"--awb-bg-size:cover;width:48%; margin-right: 4%;\"><div class=\"fusion-column-wrapper fusion-flex-column-wrapper-legacy\"><div class=\"fusion-image-element fusion-image-align-right in-legacy-container\" style=\"text-align:right;--awb-caption-title-font-family:var(--h2_typography-font-family);--awb-caption-title-font-weight:var(--h2_typography-font-weight);--awb-caption-title-font-style:var(--h2_typography-font-style);--awb-caption-title-size:var(--h2_typography-font-size);--awb-caption-title-transform:var(--h2_typography-text-transform);--awb-caption-title-line-height:var(--h2_typography-line-height);--awb-caption-title-letter-spacing:var(--h2_typography-letter-spacing);\"><span class=\" fusion-imageframe imageframe-none imageframe-1 hover-type-none\" style=\"margin-left:25px;float:right;\"><img decoding=\"async\" width=\"427\" height=\"427\" title=\"Roberto-Martinez\" src=\"https:\/\/globalpacta.com\/wp-content\/uploads\/2016\/09\/Roberto-Martinez.jpeg\" alt class=\"img-responsive wp-image-5172\" srcset=\"https:\/\/globalpacta.com\/wp-content\/uploads\/2016\/09\/Roberto-Martinez-200x200.jpeg 200w, https:\/\/globalpacta.com\/wp-content\/uploads\/2016\/09\/Roberto-Martinez-400x400.jpeg 400w, https:\/\/globalpacta.com\/wp-content\/uploads\/2016\/09\/Roberto-Martinez.jpeg 427w\" sizes=\"(max-width: 800px) 100vw, 427px\" \/><\/span><\/div><div class=\"fusion-clearfix\"><\/div><\/div><\/div><div class=\"fusion-layout-column fusion_builder_column fusion-builder-column-1 fusion_builder_column_1_2 1_2 fusion-one-half fusion-column-last\" style=\"--awb-bg-size:cover;width:48%;\"><div class=\"fusion-column-wrapper fusion-flex-column-wrapper-legacy\"><div class=\"fusion-text fusion-text-1\"><p><strong>Avocat. Associ\u00e9 fondateur<\/strong><\/p>\n<p>Roberto Martinez, avocat, est associ\u00e9 fondateur de globalpacta.<\/p>\n<p>Il a une longue exp\u00e9rience en droit commercial. Depuis plus de 15 ans, il assiste en mati\u00e8re soci\u00e9taire et contractuelle des entreprises nationales et internationales. De plus, il participe aux organes consultatifs de diff\u00e9rentes compagnies. Roberto poss\u00e8de \u00e9galement une longue exp\u00e9rience consacr\u00e9e \u00e0 la d\u00e9fense des int\u00e9r\u00eats de ses clients devant les tribunaux.\u00a0Tout au long de sa carri\u00e8re, il a notamment conseill\u00e9 et repr\u00e9sent\u00e9 devant les tribunaux plusieurs promoteurs immobiliers et entreprises du secteur alimentaire, aussi bien espagnoles qu&rsquo;\u00e9trang\u00e8res.<\/p>\n<p>Il est membre du Barreau de Barcelone depuis 1996.<\/p>\n<p><strong>Formation acad\u00e9mique<\/strong><\/p>\n<p>\u2013 Ma\u00eetrise en droit \u00e0 l&rsquo;Universit\u00e9 de Lleida<br \/>\n\u2013 \u00c9tudier en relations internationales. Centre d\u2019Estudis Internacionals. Universitat de Barcelona. Ministerio Asuntos Exteriores. 1996-2000.<br \/>\n\u2013 Dipl\u00f4me en droit de l&rsquo;environnement. ICAB. 2001.<br \/>\n\u2013 Dipl\u00f4me en droit proc\u00e9dural. ICAB. 2001.<br \/>\n\u2013 DEA en droit. Chaire droit commercial. Universitat de Barcelona. 2009.<\/p>\n<p><strong>Enseignement<\/strong><\/p>\n<p>\u2013 Professeur agr\u00e9g\u00e9 (2000-2005) au Master en droit de l&rsquo;ISDE. Practicum de droit proc\u00e9dural.<br \/>\n\u2013 Professeur agr\u00e9g\u00e9 \u00e0 l&rsquo;Universit\u00e9 de Barcelone. Droit commercial (2009).<br \/>\n\u2013 Professeur collaborateur \u00e0 l&rsquo;UIC de Barcelone. Ma\u00eetrise en droit Contrats commerciaux (depuis 2018).<\/p>\n<p><strong>Publications<\/strong><\/p>\n<p>\u2013 Derecho Procesal Mercantil. Volumen 01. Derecho Societario. Worker Inteligente, coautor.<br \/>\n\u2013 Derecho Procesal Mercantil. Volumen 02. Derecho Contractual. Worker Inteligente, coautor.<\/p>\n<p><strong>Langues<\/strong><\/p>\n<p>Espagnol, catalan, anglais et fran\u00e7ais.<\/p>\n<\/div><div class=\"fusion-clearfix\"><\/div><\/div><\/div><\/div><\/div>\n","protected":false},"excerpt":{"rendered":"","protected":false},"author":3,"featured_media":0,"parent":7210,"menu_order":0,"comment_status":"open","ping_status":"open","template":"","meta":{"_exactmetrics_skip_tracking":false,"_exactmetrics_sitenote_active":false,"_exactmetrics_sitenote_note":"","_exactmetrics_sitenote_category":0,"footnotes":""},"_links":{"self":[{"href":"https:\/\/globalpacta.com\/fr\/wp-json\/wp\/v2\/pages\/7275"}],"collection":[{"href":"https:\/\/globalpacta.com\/fr\/wp-json\/wp\/v2\/pages"}],"about":[{"href":"https:\/\/globalpacta.com\/fr\/wp-json\/wp\/v2\/types\/page"}],"author":[{"embeddable":true,"href":"https:\/\/globalpacta.com\/fr\/wp-json\/wp\/v2\/users\/3"}],"replies":[{"embeddable":true,"href":"https:\/\/globalpacta.com\/fr\/wp-json\/wp\/v2\/comments?post=7275"}],"version-history":[{"count":4,"href":"https:\/\/globalpacta.com\/fr\/wp-json\/wp\/v2\/pages\/7275\/revisions"}],"predecessor-version":[{"id":14086,"href":"https:\/\/globalpacta.com\/fr\/wp-json\/wp\/v2\/pages\/7275\/revisions\/14086"}],"up":[{"embeddable":true,"href":"https:\/\/globalpacta.com\/fr\/wp-json\/wp\/v2\/pages\/7210"}],"wp:attachment":[{"href":"https:\/\/globalpacta.com\/fr\/wp-json\/wp\/v2\/media?parent=7275"}],"curies":[{"name":"wp","href":"https:\/\/api.w.org\/{rel}","templated":true}]}}