{"id":7418,"date":"2016-10-05T08:52:59","date_gmt":"2016-10-05T08:52:59","guid":{"rendered":"http:\/\/globalpacta.com\/alessandro-piccheo"},"modified":"2018-03-01T11:40:08","modified_gmt":"2018-03-01T11:40:08","slug":"alessandro-piccheo","status":"publish","type":"page","link":"https:\/\/globalpacta.com\/fr\/equipo-2\/alessandro-piccheo\/","title":{"rendered":"ALESSANDRO PICCHEO"},"content":{"rendered":"<div class=\"fusion-fullwidth fullwidth-box fusion-builder-row-1 gp-single-team nonhundred-percent-fullwidth non-hundred-percent-height-scrolling\" style=\"--awb-background-position:left top;--awb-border-radius-top-left:0px;--awb-border-radius-top-right:0px;--awb-border-radius-bottom-right:0px;--awb-border-radius-bottom-left:0px;--awb-padding-top:20px;--awb-padding-bottom:20px;--awb-border-sizes-top:0px;--awb-border-sizes-bottom:0px;--awb-flex-wrap:wrap;\" ><div class=\"fusion-builder-row fusion-row\"><div class=\"fusion-layout-column fusion_builder_column fusion-builder-column-0 fusion_builder_column_1_2 1_2 fusion-one-half fusion-column-first\" style=\"--awb-bg-size:cover;width:48%; margin-right: 4%;\"><div class=\"fusion-column-wrapper fusion-flex-column-wrapper-legacy\"><div class=\"fusion-image-element fusion-image-align-right in-legacy-container\" style=\"text-align:right;--awb-caption-title-font-family:var(--h2_typography-font-family);--awb-caption-title-font-weight:var(--h2_typography-font-weight);--awb-caption-title-font-style:var(--h2_typography-font-style);--awb-caption-title-size:var(--h2_typography-font-size);--awb-caption-title-transform:var(--h2_typography-text-transform);--awb-caption-title-line-height:var(--h2_typography-line-height);--awb-caption-title-letter-spacing:var(--h2_typography-letter-spacing);\"><span class=\" fusion-imageframe imageframe-none imageframe-1 hover-type-none\" style=\"margin-left:25px;float:right;\"><img decoding=\"async\" width=\"427\" height=\"427\" title=\"Alessandro Piccheo\" src=\"https:\/\/globalpacta.com\/wp-content\/uploads\/2015\/02\/Alessandro-Piccheo-e1481647229897.jpeg\" alt class=\"img-responsive wp-image-21080\" srcset=\"https:\/\/globalpacta.com\/wp-content\/uploads\/2015\/02\/Alessandro-Piccheo-e1481647229897-200x200.jpeg 200w, https:\/\/globalpacta.com\/wp-content\/uploads\/2015\/02\/Alessandro-Piccheo-e1481647229897-400x400.jpeg 400w, https:\/\/globalpacta.com\/wp-content\/uploads\/2015\/02\/Alessandro-Piccheo-e1481647229897.jpeg 427w\" sizes=\"(max-width: 800px) 100vw, 427px\" \/><\/span><\/div><div class=\"fusion-clearfix\"><\/div><\/div><\/div><div class=\"fusion-layout-column fusion_builder_column fusion-builder-column-1 fusion_builder_column_1_2 1_2 fusion-one-half fusion-column-last\" style=\"--awb-bg-size:cover;width:48%;\"><div class=\"fusion-column-wrapper fusion-flex-column-wrapper-legacy\"><div class=\"fusion-text fusion-text-1\"><p><strong>Technicien en droit. Associ\u00e9<br \/>\n<\/strong><\/p>\n<p>Alessandro Piccheo est expert en compliance corporative et gestion des risques.\u00a0Depuis 15 ans, il assiste des entreprises nationales et internationales dans l&rsquo;application des r\u00e9glementations sur la responsabilit\u00e9 administrative et p\u00e9nale, la protection des donn\u00e9es personnelles et la vie priv\u00e9e et la s\u00e9curit\u00e9 au travail. Dans le domaine du consulting, il participe aux : audits, gestion des risques, compliance et formation.<\/p>\n<p><strong>Formation acad\u00e9mique<\/strong><\/p>\n<p>\u2013 Ma\u00eetrise en droit \u00e0 l&rsquo;Universit\u00e0 Cattolica del Sacro Cuore di Milano.<\/p>\n<p>\u2013 BS7799 Commissaire aux comptes certifi\u00e9 par RINA SpA<\/p>\n<p>\u2013 OHSAS 18001 Commissaire aux comptes certifi\u00e9 par IMQ SpA<\/p>\n<p><strong>Langues<\/strong><\/p>\n<p>Anglais et italien.<\/p>\n<\/div><div class=\"fusion-clearfix\"><\/div><\/div><\/div><\/div><\/div>\n","protected":false},"excerpt":{"rendered":"","protected":false},"author":3,"featured_media":0,"parent":7210,"menu_order":0,"comment_status":"open","ping_status":"open","template":"","meta":{"_exactmetrics_skip_tracking":false,"_exactmetrics_sitenote_active":false,"_exactmetrics_sitenote_note":"","_exactmetrics_sitenote_category":0,"footnotes":""},"_links":{"self":[{"href":"https:\/\/globalpacta.com\/fr\/wp-json\/wp\/v2\/pages\/7418"}],"collection":[{"href":"https:\/\/globalpacta.com\/fr\/wp-json\/wp\/v2\/pages"}],"about":[{"href":"https:\/\/globalpacta.com\/fr\/wp-json\/wp\/v2\/types\/page"}],"author":[{"embeddable":true,"href":"https:\/\/globalpacta.com\/fr\/wp-json\/wp\/v2\/users\/3"}],"replies":[{"embeddable":true,"href":"https:\/\/globalpacta.com\/fr\/wp-json\/wp\/v2\/comments?post=7418"}],"version-history":[{"count":2,"href":"https:\/\/globalpacta.com\/fr\/wp-json\/wp\/v2\/pages\/7418\/revisions"}],"predecessor-version":[{"id":8253,"href":"https:\/\/globalpacta.com\/fr\/wp-json\/wp\/v2\/pages\/7418\/revisions\/8253"}],"up":[{"embeddable":true,"href":"https:\/\/globalpacta.com\/fr\/wp-json\/wp\/v2\/pages\/7210"}],"wp:attachment":[{"href":"https:\/\/globalpacta.com\/fr\/wp-json\/wp\/v2\/media?parent=7418"}],"curies":[{"name":"wp","href":"https:\/\/api.w.org\/{rel}","templated":true}]}}