{"id":7438,"date":"2017-01-25T15:10:28","date_gmt":"2017-01-25T15:10:28","guid":{"rendered":"http:\/\/globalpacta.com\/carine-roger-2"},"modified":"2018-03-08T17:53:40","modified_gmt":"2018-03-08T17:53:40","slug":"carine-roger-2","status":"publish","type":"page","link":"https:\/\/globalpacta.com\/fr\/equipo-2\/carine-roger-2\/","title":{"rendered":"CARINE ROGER"},"content":{"rendered":"<div class=\"fusion-fullwidth fullwidth-box fusion-builder-row-1 gp-single-team nonhundred-percent-fullwidth non-hundred-percent-height-scrolling\" style=\"--awb-background-position:left top;--awb-border-radius-top-left:0px;--awb-border-radius-top-right:0px;--awb-border-radius-bottom-right:0px;--awb-border-radius-bottom-left:0px;--awb-padding-top:20px;--awb-padding-bottom:20px;--awb-border-sizes-top:0px;--awb-border-sizes-bottom:0px;--awb-flex-wrap:wrap;\" ><div class=\"fusion-builder-row fusion-row\"><div class=\"fusion-layout-column fusion_builder_column fusion-builder-column-0 fusion_builder_column_1_2 1_2 fusion-one-half fusion-column-first\" style=\"--awb-bg-size:cover;width:48%; margin-right: 4%;\"><div class=\"fusion-column-wrapper fusion-flex-column-wrapper-legacy\"><div class=\"fusion-image-element fusion-image-align-right in-legacy-container\" style=\"text-align:right;--awb-caption-title-font-family:var(--h2_typography-font-family);--awb-caption-title-font-weight:var(--h2_typography-font-weight);--awb-caption-title-font-style:var(--h2_typography-font-style);--awb-caption-title-size:var(--h2_typography-font-size);--awb-caption-title-transform:var(--h2_typography-text-transform);--awb-caption-title-line-height:var(--h2_typography-line-height);--awb-caption-title-letter-spacing:var(--h2_typography-letter-spacing);\"><span class=\" fusion-imageframe imageframe-none imageframe-1 hover-type-none\" style=\"margin-left:25px;float:right;\"><img decoding=\"async\" width=\"427\" height=\"427\" title=\"Carine Roger\" src=\"https:\/\/globalpacta.com\/wp-content\/uploads\/2017\/01\/Carine-Roger.jpg\" alt class=\"img-responsive wp-image-4968\" srcset=\"https:\/\/globalpacta.com\/wp-content\/uploads\/2017\/01\/Carine-Roger-200x200.jpg 200w, https:\/\/globalpacta.com\/wp-content\/uploads\/2017\/01\/Carine-Roger-400x400.jpg 400w, https:\/\/globalpacta.com\/wp-content\/uploads\/2017\/01\/Carine-Roger.jpg 427w\" sizes=\"(max-width: 800px) 100vw, 427px\" \/><\/span><\/div><div class=\"fusion-clearfix\"><\/div><\/div><\/div><div class=\"fusion-layout-column fusion_builder_column fusion-builder-column-1 fusion_builder_column_1_2 1_2 fusion-one-half fusion-column-last\" style=\"--awb-bg-size:cover;width:48%;\"><div class=\"fusion-column-wrapper fusion-flex-column-wrapper-legacy\"><div class=\"fusion-text fusion-text-1\"><p><strong>Avocate<\/strong><\/p>\n<p>Carine Roger fait partie notre \u00e9quipe du cabinet de Marseille.\u00a0\u00a0Tout au long de sa carri\u00e8re, elle a exerc\u00e9 comme avocate en touchant diff\u00e9rents domaines du droit, notamment le droit commercial, le droit public, le droit de l&rsquo;immobilier, le droit de la responsabilit\u00e9 civile, le droit bancaire et le droit de la propri\u00e9t\u00e9 intellectuelle.<\/p>\n<p>Elle a aussi travaill\u00e9 au sein de l&rsquo;administration publique, en tant que Responsable juridique du Pr\u00e9sident et du Directeur g\u00e9n\u00e9ral de la Chambre de Commerce et d&rsquo;Industrie du Pays d&rsquo;Arles et dans la gestion des projets. Depuis 2008, elle est conseill\u00e8re communautaire d\u00e9l\u00e9gu\u00e9e aux Transports et \u00e0 la Coop\u00e9ration m\u00e9tropolitaine \u00e0 Marseille.<\/p>\n<p><strong>Formation acad\u00e9mique<\/strong><\/p>\n<p>\u2013 Dipl\u00f4me d&rsquo;\u00e9tudes appliqu\u00e9es (DEA) en droit des affaires \u00e0 l&rsquo;Universit\u00e9 d&rsquo;Aix-Marseille.<\/p>\n<p>\u2013 Dipl\u00f4me d&rsquo;\u00e9tudes sup\u00e9rieures sp\u00e9cialis\u00e9es (DESS) en Droit des affaires et droit de la construction et de l&rsquo;urbanisme \u00e0 l&rsquo;Universit\u00e9 d&rsquo;Aix-Marseille.<\/p>\n<p>\u2013 Dipl\u00f4me d&rsquo;\u00e9tudes sup\u00e9rieures sp\u00e9cialis\u00e9es (DESS) en Droit de l&rsquo;urbanisme, de la construction et de l&rsquo;am\u00e9nagement au Centre d&rsquo;\u00e9tudes juridiques d&rsquo;urbanisme de l&rsquo;Universit\u00e9 d&rsquo;Aix-Marseille.<\/p>\n<p><strong>Langues<\/strong><\/p>\n<p>Fran\u00e7ais, espagnol et anglais.<\/p>\n<\/div><div class=\"fusion-clearfix\"><\/div><\/div><\/div><\/div><\/div>\n","protected":false},"excerpt":{"rendered":"","protected":false},"author":3,"featured_media":0,"parent":7210,"menu_order":0,"comment_status":"open","ping_status":"open","template":"","meta":{"_exactmetrics_skip_tracking":false,"_exactmetrics_sitenote_active":false,"_exactmetrics_sitenote_note":"","_exactmetrics_sitenote_category":0,"footnotes":""},"_links":{"self":[{"href":"https:\/\/globalpacta.com\/fr\/wp-json\/wp\/v2\/pages\/7438"}],"collection":[{"href":"https:\/\/globalpacta.com\/fr\/wp-json\/wp\/v2\/pages"}],"about":[{"href":"https:\/\/globalpacta.com\/fr\/wp-json\/wp\/v2\/types\/page"}],"author":[{"embeddable":true,"href":"https:\/\/globalpacta.com\/fr\/wp-json\/wp\/v2\/users\/3"}],"replies":[{"embeddable":true,"href":"https:\/\/globalpacta.com\/fr\/wp-json\/wp\/v2\/comments?post=7438"}],"version-history":[{"count":3,"href":"https:\/\/globalpacta.com\/fr\/wp-json\/wp\/v2\/pages\/7438\/revisions"}],"predecessor-version":[{"id":9121,"href":"https:\/\/globalpacta.com\/fr\/wp-json\/wp\/v2\/pages\/7438\/revisions\/9121"}],"up":[{"embeddable":true,"href":"https:\/\/globalpacta.com\/fr\/wp-json\/wp\/v2\/pages\/7210"}],"wp:attachment":[{"href":"https:\/\/globalpacta.com\/fr\/wp-json\/wp\/v2\/media?parent=7438"}],"curies":[{"name":"wp","href":"https:\/\/api.w.org\/{rel}","templated":true}]}}