{"id":7448,"date":"2016-09-14T08:57:36","date_gmt":"2016-09-14T08:57:36","guid":{"rendered":"http:\/\/globalpacta.com\/carlos-martinez"},"modified":"2018-03-01T11:37:51","modified_gmt":"2018-03-01T11:37:51","slug":"carlos-martinez","status":"publish","type":"page","link":"https:\/\/globalpacta.com\/fr\/equipo-2\/carlos-martinez\/","title":{"rendered":"CARLOS MART\u00cdNEZ"},"content":{"rendered":"<div class=\"fusion-fullwidth fullwidth-box fusion-builder-row-1 gp-single-team nonhundred-percent-fullwidth non-hundred-percent-height-scrolling\" style=\"--awb-background-position:left top;--awb-border-radius-top-left:0px;--awb-border-radius-top-right:0px;--awb-border-radius-bottom-right:0px;--awb-border-radius-bottom-left:0px;--awb-padding-top:20px;--awb-padding-bottom:20px;--awb-border-sizes-top:0px;--awb-border-sizes-bottom:0px;--awb-flex-wrap:wrap;\" ><div class=\"fusion-builder-row fusion-row\"><div class=\"fusion-layout-column fusion_builder_column fusion-builder-column-0 fusion_builder_column_1_2 1_2 fusion-one-half fusion-column-first\" style=\"--awb-bg-size:cover;width:48%; margin-right: 4%;\"><div class=\"fusion-column-wrapper fusion-flex-column-wrapper-legacy\"><div class=\"fusion-image-element fusion-image-align-right in-legacy-container\" style=\"text-align:right;--awb-caption-title-font-family:var(--h2_typography-font-family);--awb-caption-title-font-weight:var(--h2_typography-font-weight);--awb-caption-title-font-style:var(--h2_typography-font-style);--awb-caption-title-size:var(--h2_typography-font-size);--awb-caption-title-transform:var(--h2_typography-text-transform);--awb-caption-title-line-height:var(--h2_typography-line-height);--awb-caption-title-letter-spacing:var(--h2_typography-letter-spacing);\"><span class=\" fusion-imageframe imageframe-none imageframe-1 hover-type-none\" style=\"margin-left:25px;float:right;\"><img decoding=\"async\" width=\"427\" height=\"427\" title=\"Carlos-Martinez\" src=\"https:\/\/globalpacta.com\/wp-content\/uploads\/2015\/02\/Carlos-Martinez.jpeg\" alt class=\"img-responsive wp-image-21105\" srcset=\"https:\/\/globalpacta.com\/wp-content\/uploads\/2015\/02\/Carlos-Martinez-200x200.jpeg 200w, https:\/\/globalpacta.com\/wp-content\/uploads\/2015\/02\/Carlos-Martinez-400x400.jpeg 400w, https:\/\/globalpacta.com\/wp-content\/uploads\/2015\/02\/Carlos-Martinez.jpeg 427w\" sizes=\"(max-width: 800px) 100vw, 427px\" \/><\/span><\/div><div class=\"fusion-clearfix\"><\/div><\/div><\/div><div class=\"fusion-layout-column fusion_builder_column fusion-builder-column-1 fusion_builder_column_1_2 1_2 fusion-one-half fusion-column-last\" style=\"--awb-bg-size:cover;width:48%;\"><div class=\"fusion-column-wrapper fusion-flex-column-wrapper-legacy\"><div class=\"fusion-text fusion-text-1\"><p><strong>Fiscaliste. Associ\u00e9<br \/>\n<\/strong><\/p>\n<p>Carlos Mart\u00ednez offre, depuis 35 ans, son conseil en mati\u00e8re fiscale et comptable aux PME et aux personnes physiques.\u00a0Il est responsable de la fiscalit\u00e9 nationale, internationale, des successions et des r\u00e9gimes matrimoniaux. Il est \u00e9galement responsable du conseil financier-fiscal (planification dans l&rsquo;environnement de la gestion financi\u00e8re et ses implications fiscales) ainsi que du conseil comptable (application du Plan Comptable G\u00e9n\u00e9ral et de la r\u00e9glementation ICAC).<\/p>\n<p>Il est membre de l&rsquo;Association Centre d&rsquo;\u00e9tudes financi\u00e8res.<\/p>\n<p>Il fait partie de l&rsquo;\u00e9quipe de globalpacta depuis 2011.<\/p>\n<p><strong>Formation acad\u00e9mique<\/strong><\/p>\n<p>\u2013 \u00c9tudes en commerce (Universit\u00e9 de Barcelone).<br \/>\n\u2013 Master en Consulting fiscal et Droit fiscal (MAF) au Centre d&rsquo;\u00e9tudes financi\u00e8res (CEF).<\/p>\n<p><strong>\u00a0<\/strong><strong>Langues<\/strong><\/p>\n<p>Espagnol et catalan.<\/p>\n<\/div><div class=\"fusion-clearfix\"><\/div><\/div><\/div><\/div><\/div>\n","protected":false},"excerpt":{"rendered":"","protected":false},"author":3,"featured_media":0,"parent":7210,"menu_order":0,"comment_status":"open","ping_status":"open","template":"","meta":{"_exactmetrics_skip_tracking":false,"_exactmetrics_sitenote_active":false,"_exactmetrics_sitenote_note":"","_exactmetrics_sitenote_category":0,"footnotes":""},"_links":{"self":[{"href":"https:\/\/globalpacta.com\/fr\/wp-json\/wp\/v2\/pages\/7448"}],"collection":[{"href":"https:\/\/globalpacta.com\/fr\/wp-json\/wp\/v2\/pages"}],"about":[{"href":"https:\/\/globalpacta.com\/fr\/wp-json\/wp\/v2\/types\/page"}],"author":[{"embeddable":true,"href":"https:\/\/globalpacta.com\/fr\/wp-json\/wp\/v2\/users\/3"}],"replies":[{"embeddable":true,"href":"https:\/\/globalpacta.com\/fr\/wp-json\/wp\/v2\/comments?post=7448"}],"version-history":[{"count":2,"href":"https:\/\/globalpacta.com\/fr\/wp-json\/wp\/v2\/pages\/7448\/revisions"}],"predecessor-version":[{"id":8241,"href":"https:\/\/globalpacta.com\/fr\/wp-json\/wp\/v2\/pages\/7448\/revisions\/8241"}],"up":[{"embeddable":true,"href":"https:\/\/globalpacta.com\/fr\/wp-json\/wp\/v2\/pages\/7210"}],"wp:attachment":[{"href":"https:\/\/globalpacta.com\/fr\/wp-json\/wp\/v2\/media?parent=7448"}],"curies":[{"name":"wp","href":"https:\/\/api.w.org\/{rel}","templated":true}]}}