{"id":7468,"date":"2016-10-13T10:58:07","date_gmt":"2016-10-13T10:58:07","guid":{"rendered":"http:\/\/globalpacta.com\/giacomo-santus"},"modified":"2018-03-19T15:07:32","modified_gmt":"2018-03-19T15:07:32","slug":"giacomo-santus","status":"publish","type":"page","link":"https:\/\/globalpacta.com\/fr\/equipo-2\/giacomo-santus\/","title":{"rendered":"GIACOMO SANTUS"},"content":{"rendered":"<div class=\"fusion-fullwidth fullwidth-box fusion-builder-row-1 gp-single-team nonhundred-percent-fullwidth non-hundred-percent-height-scrolling\" style=\"--awb-background-position:left top;--awb-border-radius-top-left:0px;--awb-border-radius-top-right:0px;--awb-border-radius-bottom-right:0px;--awb-border-radius-bottom-left:0px;--awb-padding-top:20px;--awb-padding-bottom:20px;--awb-border-sizes-top:0px;--awb-border-sizes-bottom:0px;--awb-flex-wrap:wrap;\" ><div class=\"fusion-builder-row fusion-row\"><div class=\"fusion-layout-column fusion_builder_column fusion-builder-column-0 fusion_builder_column_1_2 1_2 fusion-one-half fusion-column-first\" style=\"--awb-bg-size:cover;width:48%; margin-right: 4%;\"><div class=\"fusion-column-wrapper fusion-flex-column-wrapper-legacy\"><div class=\"fusion-image-element fusion-image-align-right in-legacy-container\" style=\"text-align:right;--awb-caption-title-font-family:var(--h2_typography-font-family);--awb-caption-title-font-weight:var(--h2_typography-font-weight);--awb-caption-title-font-style:var(--h2_typography-font-style);--awb-caption-title-size:var(--h2_typography-font-size);--awb-caption-title-transform:var(--h2_typography-text-transform);--awb-caption-title-line-height:var(--h2_typography-line-height);--awb-caption-title-letter-spacing:var(--h2_typography-letter-spacing);\"><span class=\" fusion-imageframe imageframe-none imageframe-1 hover-type-none\" style=\"margin-left:25px;float:right;\"><img decoding=\"async\" width=\"427\" height=\"427\" title=\"Giacomo Santus\" src=\"https:\/\/globalpacta.com\/wp-content\/uploads\/2015\/02\/Giacomo-Santus-e1481647284642.jpeg\" alt class=\"img-responsive wp-image-21077\" srcset=\"https:\/\/globalpacta.com\/wp-content\/uploads\/2015\/02\/Giacomo-Santus-e1481647284642-200x200.jpeg 200w, https:\/\/globalpacta.com\/wp-content\/uploads\/2015\/02\/Giacomo-Santus-e1481647284642-400x400.jpeg 400w, https:\/\/globalpacta.com\/wp-content\/uploads\/2015\/02\/Giacomo-Santus-e1481647284642.jpeg 427w\" sizes=\"(max-width: 800px) 100vw, 427px\" \/><\/span><\/div><div class=\"fusion-clearfix\"><\/div><\/div><\/div><div class=\"fusion-layout-column fusion_builder_column fusion-builder-column-1 fusion_builder_column_1_2 1_2 fusion-one-half fusion-column-last\" style=\"--awb-bg-size:cover;width:48%;\"><div class=\"fusion-column-wrapper fusion-flex-column-wrapper-legacy\"><div class=\"fusion-text fusion-text-1\"><p><strong>Conseil strat\u00e9gique aux entreprises. Associ\u00e9<\/strong><\/p>\n<p>Giacomo Santus est PDG d&rsquo;une soci\u00e9t\u00e9 de consulting qui assiste les entreprises du secteur Health &amp; Beauty Care, o\u00f9 il coordonne la planification et le d\u00e9veloppement de diff\u00e9rents projets avec une \u00e9quipe d&rsquo;experts.<\/p>\n<p>Il poss\u00e8de une connaissance approfondie du secteur pharmaceutique et cosm\u00e9tique gr\u00e2ce \u00e0 ses plus de 30 ans d&rsquo;exp\u00e9rience en tant que technicien de recherche et d\u00e9veloppement, dans le service commercial et dans la distribution des mati\u00e8res premi\u00e8res pour l&rsquo;industrie cosm\u00e9tique au niveau national et international.<\/p>\n<p>Il est pr\u00e9sident de HCI, l&rsquo;association suisse des ingr\u00e9dients cosm\u00e9tiques, membre du conseil d&rsquo;administration de la F\u00e9d\u00e9ration europ\u00e9enne des ingr\u00e9dients cosm\u00e9tiques (EFfCI), dont il a \u00e9t\u00e9 pr\u00e9sident entre 2008 et 2013, et il fait \u00e9galement partie du comit\u00e9 directeur de Federchimica.<\/p>\n<p>Il a publi\u00e9 plusieurs articles et il est signataire de nombreux brevets.<\/p>\n<p><strong>Formation acad\u00e9mique<\/strong><\/p>\n<p>\u2013 Ma\u00eetrise en chimie \u00e0 l&rsquo;Istituto Tecnico Industriale Cannizzaro di Rho.<\/p>\n<p>\u2013 Cours de sp\u00e9cialisation en marketing et ventes.<\/p>\n<p><strong>Langues<\/strong><\/p>\n<p>Italien, anglais et fran\u00e7ais.<\/p>\n<\/div><div class=\"fusion-clearfix\"><\/div><\/div><\/div><\/div><\/div>\n","protected":false},"excerpt":{"rendered":"","protected":false},"author":3,"featured_media":0,"parent":7210,"menu_order":0,"comment_status":"open","ping_status":"open","template":"","meta":{"_exactmetrics_skip_tracking":false,"_exactmetrics_sitenote_active":false,"_exactmetrics_sitenote_note":"","_exactmetrics_sitenote_category":0,"footnotes":""},"_links":{"self":[{"href":"https:\/\/globalpacta.com\/fr\/wp-json\/wp\/v2\/pages\/7468"}],"collection":[{"href":"https:\/\/globalpacta.com\/fr\/wp-json\/wp\/v2\/pages"}],"about":[{"href":"https:\/\/globalpacta.com\/fr\/wp-json\/wp\/v2\/types\/page"}],"author":[{"embeddable":true,"href":"https:\/\/globalpacta.com\/fr\/wp-json\/wp\/v2\/users\/3"}],"replies":[{"embeddable":true,"href":"https:\/\/globalpacta.com\/fr\/wp-json\/wp\/v2\/comments?post=7468"}],"version-history":[{"count":3,"href":"https:\/\/globalpacta.com\/fr\/wp-json\/wp\/v2\/pages\/7468\/revisions"}],"predecessor-version":[{"id":9266,"href":"https:\/\/globalpacta.com\/fr\/wp-json\/wp\/v2\/pages\/7468\/revisions\/9266"}],"up":[{"embeddable":true,"href":"https:\/\/globalpacta.com\/fr\/wp-json\/wp\/v2\/pages\/7210"}],"wp:attachment":[{"href":"https:\/\/globalpacta.com\/fr\/wp-json\/wp\/v2\/media?parent=7468"}],"curies":[{"name":"wp","href":"https:\/\/api.w.org\/{rel}","templated":true}]}}