{"id":7478,"date":"2017-01-25T15:09:43","date_gmt":"2017-01-25T15:09:43","guid":{"rendered":"http:\/\/globalpacta.com\/gina-plantos-2"},"modified":"2018-03-19T15:14:28","modified_gmt":"2018-03-19T15:14:28","slug":"gina-plantos-2","status":"publish","type":"page","link":"https:\/\/globalpacta.com\/fr\/equipo-2\/gina-plantos-2\/","title":{"rendered":"GINA PLANTOS"},"content":{"rendered":"<div class=\"fusion-fullwidth fullwidth-box fusion-builder-row-1 gp-single-team nonhundred-percent-fullwidth non-hundred-percent-height-scrolling\" style=\"--awb-background-position:left top;--awb-border-radius-top-left:0px;--awb-border-radius-top-right:0px;--awb-border-radius-bottom-right:0px;--awb-border-radius-bottom-left:0px;--awb-padding-top:20px;--awb-padding-bottom:20px;--awb-border-sizes-top:0px;--awb-border-sizes-bottom:0px;--awb-flex-wrap:wrap;\" ><div class=\"fusion-builder-row fusion-row\"><div class=\"fusion-layout-column fusion_builder_column fusion-builder-column-0 fusion_builder_column_1_2 1_2 fusion-one-half fusion-column-first\" style=\"--awb-bg-size:cover;width:48%; margin-right: 4%;\"><div class=\"fusion-column-wrapper fusion-flex-column-wrapper-legacy\"><div class=\"fusion-image-element fusion-image-align-right in-legacy-container\" style=\"text-align:right;--awb-caption-title-font-family:var(--h2_typography-font-family);--awb-caption-title-font-weight:var(--h2_typography-font-weight);--awb-caption-title-font-style:var(--h2_typography-font-style);--awb-caption-title-size:var(--h2_typography-font-size);--awb-caption-title-transform:var(--h2_typography-text-transform);--awb-caption-title-line-height:var(--h2_typography-line-height);--awb-caption-title-letter-spacing:var(--h2_typography-letter-spacing);\"><span class=\" fusion-imageframe imageframe-none imageframe-1 hover-type-none\" style=\"margin-left:25px;float:right;\"><img decoding=\"async\" width=\"427\" height=\"427\" title=\"Gina Plantos\" src=\"https:\/\/globalpacta.com\/wp-content\/uploads\/2017\/01\/Gina-Plantos.jpg\" alt class=\"img-responsive wp-image-4974\" srcset=\"https:\/\/globalpacta.com\/wp-content\/uploads\/2017\/01\/Gina-Plantos-200x200.jpg 200w, https:\/\/globalpacta.com\/wp-content\/uploads\/2017\/01\/Gina-Plantos-400x400.jpg 400w, https:\/\/globalpacta.com\/wp-content\/uploads\/2017\/01\/Gina-Plantos.jpg 427w\" sizes=\"(max-width: 800px) 100vw, 427px\" \/><\/span><\/div><div class=\"fusion-clearfix\"><\/div><\/div><\/div><div class=\"fusion-layout-column fusion_builder_column fusion-builder-column-1 fusion_builder_column_1_2 1_2 fusion-one-half fusion-column-last\" style=\"--awb-bg-size:cover;width:48%;\"><div class=\"fusion-column-wrapper fusion-flex-column-wrapper-legacy\"><div class=\"fusion-text fusion-text-1\"><p><strong>\u00c9conomiste<\/strong><\/p>\n<p>Gina Plantos est notre associ\u00e9e en Roumanie. Elle a suivi une Ma\u00eetrise en \u00e9conomie et poss\u00e8de une longue exp\u00e9rience dans l&rsquo;organisation, la gestion et le d\u00e9veloppement du secteur priv\u00e9 en tant que directrice \u00e9conomique et comptable. Depuis 2006, elle est directrice de SC Odyn Consulting, une soci\u00e9t\u00e9 offrant des services comptables et financiers.<\/p>\n<p>Elle est membre de Globalpacta depuis 2016.<\/p>\n<p><strong>Formation acad\u00e9mique<\/strong><\/p>\n<p>\u2013 Dipl\u00f4me en \u00e9conomie \u00e0 l&rsquo;Universit\u00e9 George Bacovia Bacau.<\/p>\n<p>\u2013 Dipl\u00f4me en comptabilit\u00e9 statistique au Lyc\u00e9e Emil Botta.<\/p>\n<p>\u2013 Dipl\u00f4me d&rsquo;Expertise comptable et Censeur \u00e0 C.E.C.C A.R.Bacau.<\/p>\n<p><strong>Langues<\/strong><\/p>\n<p>Roumain, anglais et fran\u00e7ais.<\/p>\n<\/div><div class=\"fusion-clearfix\"><\/div><\/div><\/div><\/div><\/div>\n","protected":false},"excerpt":{"rendered":"","protected":false},"author":3,"featured_media":0,"parent":7210,"menu_order":0,"comment_status":"open","ping_status":"open","template":"","meta":{"_exactmetrics_skip_tracking":false,"_exactmetrics_sitenote_active":false,"_exactmetrics_sitenote_note":"","_exactmetrics_sitenote_category":0,"footnotes":""},"_links":{"self":[{"href":"https:\/\/globalpacta.com\/fr\/wp-json\/wp\/v2\/pages\/7478"}],"collection":[{"href":"https:\/\/globalpacta.com\/fr\/wp-json\/wp\/v2\/pages"}],"about":[{"href":"https:\/\/globalpacta.com\/fr\/wp-json\/wp\/v2\/types\/page"}],"author":[{"embeddable":true,"href":"https:\/\/globalpacta.com\/fr\/wp-json\/wp\/v2\/users\/3"}],"replies":[{"embeddable":true,"href":"https:\/\/globalpacta.com\/fr\/wp-json\/wp\/v2\/comments?post=7478"}],"version-history":[{"count":3,"href":"https:\/\/globalpacta.com\/fr\/wp-json\/wp\/v2\/pages\/7478\/revisions"}],"predecessor-version":[{"id":9273,"href":"https:\/\/globalpacta.com\/fr\/wp-json\/wp\/v2\/pages\/7478\/revisions\/9273"}],"up":[{"embeddable":true,"href":"https:\/\/globalpacta.com\/fr\/wp-json\/wp\/v2\/pages\/7210"}],"wp:attachment":[{"href":"https:\/\/globalpacta.com\/fr\/wp-json\/wp\/v2\/media?parent=7478"}],"curies":[{"name":"wp","href":"https:\/\/api.w.org\/{rel}","templated":true}]}}