{"id":7488,"date":"2016-09-14T09:01:58","date_gmt":"2016-09-14T09:01:58","guid":{"rendered":"http:\/\/globalpacta.com\/jacques-clanche"},"modified":"2018-03-19T15:32:36","modified_gmt":"2018-03-19T15:32:36","slug":"jacques-clanche","status":"publish","type":"page","link":"https:\/\/globalpacta.com\/fr\/equipo-2\/jacques-clanche\/","title":{"rendered":"JACQUES CLANCH\u00c9"},"content":{"rendered":"<div class=\"fusion-fullwidth fullwidth-box fusion-builder-row-1 gp-single-team nonhundred-percent-fullwidth non-hundred-percent-height-scrolling\" style=\"--awb-background-position:left top;--awb-border-radius-top-left:0px;--awb-border-radius-top-right:0px;--awb-border-radius-bottom-right:0px;--awb-border-radius-bottom-left:0px;--awb-padding-top:20px;--awb-padding-bottom:20px;--awb-border-sizes-top:0px;--awb-border-sizes-bottom:0px;--awb-flex-wrap:wrap;\" ><div class=\"fusion-builder-row fusion-row\"><div class=\"fusion-layout-column fusion_builder_column fusion-builder-column-0 fusion_builder_column_1_2 1_2 fusion-one-half fusion-column-first\" style=\"--awb-bg-size:cover;width:48%; margin-right: 4%;\"><div class=\"fusion-column-wrapper fusion-flex-column-wrapper-legacy\"><div class=\"fusion-image-element fusion-image-align-right in-legacy-container\" style=\"text-align:right;--awb-caption-title-font-family:var(--h2_typography-font-family);--awb-caption-title-font-weight:var(--h2_typography-font-weight);--awb-caption-title-font-style:var(--h2_typography-font-style);--awb-caption-title-size:var(--h2_typography-font-size);--awb-caption-title-transform:var(--h2_typography-text-transform);--awb-caption-title-line-height:var(--h2_typography-line-height);--awb-caption-title-letter-spacing:var(--h2_typography-letter-spacing);\"><span class=\" fusion-imageframe imageframe-none imageframe-1 hover-type-none\" style=\"margin-left:25px;float:right;\"><img decoding=\"async\" width=\"427\" height=\"427\" title=\"Jacques-Clanche\" src=\"https:\/\/globalpacta.com\/wp-content\/uploads\/2015\/02\/Jacques-Clanche.jpeg\" alt class=\"img-responsive wp-image-21103\" srcset=\"https:\/\/globalpacta.com\/wp-content\/uploads\/2015\/02\/Jacques-Clanche-200x200.jpeg 200w, https:\/\/globalpacta.com\/wp-content\/uploads\/2015\/02\/Jacques-Clanche-400x400.jpeg 400w, https:\/\/globalpacta.com\/wp-content\/uploads\/2015\/02\/Jacques-Clanche.jpeg 427w\" sizes=\"(max-width: 800px) 100vw, 427px\" \/><\/span><\/div><div class=\"fusion-clearfix\"><\/div><\/div><\/div><div class=\"fusion-layout-column fusion_builder_column fusion-builder-column-1 fusion_builder_column_1_2 1_2 fusion-one-half fusion-column-last\" style=\"--awb-bg-size:cover;width:48%;\"><div class=\"fusion-column-wrapper fusion-flex-column-wrapper-legacy\"><div class=\"fusion-text fusion-text-1\"><p><strong>Abogado franc\u00e9s. Asociado<\/strong><\/p>\n<p>Jacques Clanch\u00e9 a exerc\u00e9 en tant que notaire en France de 1974 \u00e0 1999. En 2000, il a fond\u00e9 le Service d&rsquo;assistance juridique franco-espagnole, actuellement le French Desk.<\/p>\n<p>Depuis le d\u00e9but de sa carri\u00e8re en Espagne, Jacques a profit\u00e9 de son exp\u00e9rience comme notaire en France, pour assister au mieux de nombreux clients dans des affaires de succession en France et en Espagne, ainsi que dans la gestion de leurs patrimoines, transactions patrimoniales internationales ou donations.<\/p>\n<p>Il fait partie de l&rsquo;\u00e9quipe de globalpacta depuis 2015.<\/p>\n<p><strong>Formation acad\u00e9mique<\/strong><\/p>\n<p>\u2013 Facult\u00e9 de droit et \u00c9cole du Notariat de Paris.<\/p>\n<p>\u2013 Droit communautaire \u00e0 la Facult\u00e9 de droit de Paris (1990).<\/p>\n<p>\u2013 Certificat europ\u00e9en de langue espagnole \u00e0 \u00ab\u00a0l&rsquo;International Certificate Conference\u00a0\u00bb (CPI) (1994).<\/p>\n<p><strong>Fonction Notariale<\/strong><\/p>\n<p>\u2013 Vice-secr\u00e9taire et secr\u00e9taire de la Caisse de garanties de la Cour d&rsquo;appel PAU (6 ans).<\/p>\n<p>\u2013 Doyen de la Chambre de Notaires des Pyr\u00e9n\u00e9es-Atlantiques (1987-1989).<\/p>\n<p>\u2013 Membre du Conseil r\u00e9gional de la Cour d&rsquo;appel PAU (1990-1994).<\/p>\n<p>\u2013 Pr\u00e9sident du Conseil du Notariat franco-espagnol (UNOFE) Aragon &#8211; Pays d&rsquo;Adour.<\/p>\n<p><strong>Langues<\/strong><\/p>\n<p>Espagnol et fran\u00e7ais.<\/p>\n<\/div><div class=\"fusion-clearfix\"><\/div><\/div><\/div><\/div><\/div>\n","protected":false},"excerpt":{"rendered":"","protected":false},"author":3,"featured_media":0,"parent":7210,"menu_order":0,"comment_status":"open","ping_status":"open","template":"","meta":{"_exactmetrics_skip_tracking":false,"_exactmetrics_sitenote_active":false,"_exactmetrics_sitenote_note":"","_exactmetrics_sitenote_category":0,"footnotes":""},"_links":{"self":[{"href":"https:\/\/globalpacta.com\/fr\/wp-json\/wp\/v2\/pages\/7488"}],"collection":[{"href":"https:\/\/globalpacta.com\/fr\/wp-json\/wp\/v2\/pages"}],"about":[{"href":"https:\/\/globalpacta.com\/fr\/wp-json\/wp\/v2\/types\/page"}],"author":[{"embeddable":true,"href":"https:\/\/globalpacta.com\/fr\/wp-json\/wp\/v2\/users\/3"}],"replies":[{"embeddable":true,"href":"https:\/\/globalpacta.com\/fr\/wp-json\/wp\/v2\/comments?post=7488"}],"version-history":[{"count":3,"href":"https:\/\/globalpacta.com\/fr\/wp-json\/wp\/v2\/pages\/7488\/revisions"}],"predecessor-version":[{"id":9278,"href":"https:\/\/globalpacta.com\/fr\/wp-json\/wp\/v2\/pages\/7488\/revisions\/9278"}],"up":[{"embeddable":true,"href":"https:\/\/globalpacta.com\/fr\/wp-json\/wp\/v2\/pages\/7210"}],"wp:attachment":[{"href":"https:\/\/globalpacta.com\/fr\/wp-json\/wp\/v2\/media?parent=7488"}],"curies":[{"name":"wp","href":"https:\/\/api.w.org\/{rel}","templated":true}]}}