{"id":7498,"date":"2016-10-04T11:34:56","date_gmt":"2016-10-04T11:34:56","guid":{"rendered":"http:\/\/globalpacta.com\/javier-rueda"},"modified":"2022-03-28T15:49:43","modified_gmt":"2022-03-28T15:49:43","slug":"javier-rueda","status":"publish","type":"page","link":"https:\/\/globalpacta.com\/fr\/equipo-2\/javier-rueda\/","title":{"rendered":"JAVIER RUEDA"},"content":{"rendered":"<div class=\"fusion-fullwidth fullwidth-box fusion-builder-row-1 gp-single-team nonhundred-percent-fullwidth non-hundred-percent-height-scrolling\" style=\"--awb-background-position:left top;--awb-border-sizes-top:0px;--awb-border-sizes-bottom:0px;--awb-border-sizes-left:0px;--awb-border-sizes-right:0px;--awb-border-radius-top-left:0px;--awb-border-radius-top-right:0px;--awb-border-radius-bottom-right:0px;--awb-border-radius-bottom-left:0px;--awb-padding-top:20px;--awb-padding-bottom:20px;--awb-flex-wrap:wrap;\" ><div class=\"fusion-builder-row fusion-row\"><div class=\"fusion-layout-column fusion_builder_column fusion-builder-column-0 fusion_builder_column_1_2 1_2 fusion-one-half fusion-column-first\" style=\"--awb-bg-size:cover;width:48%; margin-right: 4%;\"><div class=\"fusion-column-wrapper fusion-flex-column-wrapper-legacy\"><div class=\"fusion-image-element fusion-image-align-right in-legacy-container\" style=\"text-align:right;--awb-caption-title-font-family:var(--h2_typography-font-family);--awb-caption-title-font-weight:var(--h2_typography-font-weight);--awb-caption-title-font-style:var(--h2_typography-font-style);--awb-caption-title-size:var(--h2_typography-font-size);--awb-caption-title-transform:var(--h2_typography-text-transform);--awb-caption-title-line-height:var(--h2_typography-line-height);--awb-caption-title-letter-spacing:var(--h2_typography-letter-spacing);\"><span class=\" fusion-imageframe imageframe-none imageframe-1 hover-type-none\" style=\"margin-left:25px;float:right;\"><img decoding=\"async\" width=\"427\" height=\"427\" title=\"Javier Rueda\" src=\"https:\/\/globalpacta.com\/wp-content\/uploads\/2015\/02\/Javier-Rueda-e1481647302131.jpeg\" alt class=\"img-responsive wp-image-21076\" srcset=\"https:\/\/globalpacta.com\/wp-content\/uploads\/2015\/02\/Javier-Rueda-e1481647302131-200x200.jpeg 200w, https:\/\/globalpacta.com\/wp-content\/uploads\/2015\/02\/Javier-Rueda-e1481647302131-400x400.jpeg 400w, https:\/\/globalpacta.com\/wp-content\/uploads\/2015\/02\/Javier-Rueda-e1481647302131.jpeg 427w\" sizes=\"(max-width: 800px) 100vw, 427px\" \/><\/span><\/div><div class=\"fusion-clearfix\"><\/div><\/div><\/div><div class=\"fusion-layout-column fusion_builder_column fusion-builder-column-1 fusion_builder_column_1_2 1_2 fusion-one-half fusion-column-last\" style=\"--awb-bg-size:cover;width:48%;\"><div class=\"fusion-column-wrapper fusion-flex-column-wrapper-legacy\"><div class=\"fusion-text fusion-text-1\"><p><strong>Consultant strat\u00e9gique pour les soci\u00e9t\u00e9s de conseil.<\/strong><\/p>\n<p>Javier Rueda a d\u00e9velopp\u00e9 sa carri\u00e8re dans le monde du retail dans des entreprises leaders en Espagne et \u00e0 l&rsquo;\u00e9tranger. Il poss\u00e8de une longue exp\u00e9rience dans le domaine des op\u00e9rations, ventes, gestion des \u00e9quipes, suply Chain, franchise, expansion nationale et internationale et Direction G\u00e9n\u00e9rale. Cela lui a permis d&rsquo;acqu\u00e9rir une connaissance approfondie des diff\u00e9rents formats comme les hypermarch\u00e9s, les supermarch\u00e9s, les magasins discount, cash&amp;carry et leurs diff\u00e9rents mod\u00e8les d&rsquo;exploitation, y compris la franchise.<\/p>\n<p>Actuellement, il est associ\u00e9\/fondateur de la soci\u00e9t\u00e9 Pickdpack, entreprise de Food Packaging sp\u00e9cialis\u00e9e en Food Service, ainsi que consultant en retail, FMCG, distribution et h\u00f4tellerie et secr\u00e9taire g\u00e9n\u00e9ral du Food Service Institute.<\/p>\n<p>Il fait partie de l&rsquo;\u00e9quipe de globalpacta depuis 2016.<\/p>\n<p><strong>Formation acad\u00e9mique<\/strong><\/p>\n<ul>\n<li>Ma\u00eetrise en \u00e9conomie \u00e0 l&rsquo;Universit\u00e9 Autonome de Madrid.<\/li>\n<li>MBA \u00e0 l&rsquo;IESE de l&rsquo;Universit\u00e9 de Navarre.<\/li>\n<\/ul>\n<p><strong>Langues<\/strong><\/p>\n<p>Espagnol, anglais, fran\u00e7ais et grec.<\/p>\n<\/div><div class=\"fusion-clearfix\"><\/div><\/div><\/div><\/div><\/div>\n","protected":false},"excerpt":{"rendered":"","protected":false},"author":3,"featured_media":0,"parent":7210,"menu_order":0,"comment_status":"open","ping_status":"open","template":"","meta":{"_exactmetrics_skip_tracking":false,"_exactmetrics_sitenote_active":false,"_exactmetrics_sitenote_note":"","_exactmetrics_sitenote_category":0,"footnotes":""},"_links":{"self":[{"href":"https:\/\/globalpacta.com\/fr\/wp-json\/wp\/v2\/pages\/7498"}],"collection":[{"href":"https:\/\/globalpacta.com\/fr\/wp-json\/wp\/v2\/pages"}],"about":[{"href":"https:\/\/globalpacta.com\/fr\/wp-json\/wp\/v2\/types\/page"}],"author":[{"embeddable":true,"href":"https:\/\/globalpacta.com\/fr\/wp-json\/wp\/v2\/users\/3"}],"replies":[{"embeddable":true,"href":"https:\/\/globalpacta.com\/fr\/wp-json\/wp\/v2\/comments?post=7498"}],"version-history":[{"count":4,"href":"https:\/\/globalpacta.com\/fr\/wp-json\/wp\/v2\/pages\/7498\/revisions"}],"predecessor-version":[{"id":18763,"href":"https:\/\/globalpacta.com\/fr\/wp-json\/wp\/v2\/pages\/7498\/revisions\/18763"}],"up":[{"embeddable":true,"href":"https:\/\/globalpacta.com\/fr\/wp-json\/wp\/v2\/pages\/7210"}],"wp:attachment":[{"href":"https:\/\/globalpacta.com\/fr\/wp-json\/wp\/v2\/media?parent=7498"}],"curies":[{"name":"wp","href":"https:\/\/api.w.org\/{rel}","templated":true}]}}