{"id":7533,"date":"2016-09-14T08:56:58","date_gmt":"2016-09-14T08:56:58","guid":{"rendered":"http:\/\/globalpacta.com\/jorge-gutierrez"},"modified":"2020-01-13T08:42:41","modified_gmt":"2020-01-13T08:42:41","slug":"jorge-gutierrez","status":"publish","type":"page","link":"https:\/\/globalpacta.com\/fr\/equipo-2\/jorge-gutierrez\/","title":{"rendered":"JORGE GUTI\u00c9RREZ"},"content":{"rendered":"<div class=\"fusion-fullwidth fullwidth-box fusion-builder-row-1 gp-single-team nonhundred-percent-fullwidth non-hundred-percent-height-scrolling\" style=\"--awb-background-position:left top;--awb-border-radius-top-left:0px;--awb-border-radius-top-right:0px;--awb-border-radius-bottom-right:0px;--awb-border-radius-bottom-left:0px;--awb-padding-top:20px;--awb-padding-bottom:20px;--awb-border-sizes-top:0px;--awb-border-sizes-bottom:0px;--awb-flex-wrap:wrap;\" ><div class=\"fusion-builder-row fusion-row\"><div class=\"fusion-layout-column fusion_builder_column fusion-builder-column-0 fusion_builder_column_1_2 1_2 fusion-one-half fusion-column-first\" style=\"--awb-bg-size:cover;width:48%; margin-right: 4%;\"><div class=\"fusion-column-wrapper fusion-flex-column-wrapper-legacy\"><div class=\"fusion-image-element fusion-image-align-right in-legacy-container\" style=\"text-align:right;--awb-caption-title-font-family:var(--h2_typography-font-family);--awb-caption-title-font-weight:var(--h2_typography-font-weight);--awb-caption-title-font-style:var(--h2_typography-font-style);--awb-caption-title-size:var(--h2_typography-font-size);--awb-caption-title-transform:var(--h2_typography-text-transform);--awb-caption-title-line-height:var(--h2_typography-line-height);--awb-caption-title-letter-spacing:var(--h2_typography-letter-spacing);\"><span class=\" fusion-imageframe imageframe-none imageframe-1 hover-type-none\" style=\"margin-left:25px;float:right;\"><img decoding=\"async\" width=\"427\" height=\"427\" title=\"Jorge Gutierrez\" src=\"https:\/\/globalpacta.com\/wp-content\/uploads\/2015\/02\/Jorge-Gutie\u0301rrez-e1481647492943.jpeg\" alt class=\"img-responsive wp-image-21067\" srcset=\"https:\/\/globalpacta.com\/wp-content\/uploads\/2015\/02\/Jorge-Gutie\u0301rrez-e1481647492943-200x200.jpeg 200w, https:\/\/globalpacta.com\/wp-content\/uploads\/2015\/02\/Jorge-Gutie\u0301rrez-e1481647492943-400x400.jpeg 400w, https:\/\/globalpacta.com\/wp-content\/uploads\/2015\/02\/Jorge-Gutie\u0301rrez-e1481647492943.jpeg 427w\" sizes=\"(max-width: 800px) 100vw, 427px\" \/><\/span><\/div><div class=\"fusion-clearfix\"><\/div><\/div><\/div><div class=\"fusion-layout-column fusion_builder_column fusion-builder-column-1 fusion_builder_column_1_2 1_2 fusion-one-half fusion-column-last\" style=\"--awb-bg-size:cover;width:48%;\"><div class=\"fusion-column-wrapper fusion-flex-column-wrapper-legacy\"><div class=\"fusion-text fusion-text-1\"><p><strong>Avocat. Associ\u00e9<br \/>\n<\/strong><\/p>\n<p>Jorge Guti\u00e9rrez est responsable du Service de la protection des donn\u00e9es et de la s\u00e9curit\u00e9 l\u00e9gale sur Internet.<\/p>\n<p>Ces derni\u00e8res ann\u00e9es, il s&rsquo;est sp\u00e9cialis\u00e9 en droit des nouvelles technologies et la protection des donn\u00e9es, en assistant des dizaines d&rsquo;entreprises et en y impl\u00e9mentant des protocoles de s\u00e9curit\u00e9.\u00a0Il dispose \u00e9galement du certificat de formation au m\u00e9tier de D\u00e9l\u00e9gu\u00e9 \u00e0 la protection des donn\u00e9es, figure qui est pr\u00e9vue dans le nouveau r\u00e8glement sur la protection des donn\u00e9es de l&rsquo;UE pour les entreprises publiques et priv\u00e9es.<\/p>\n<p>Il a d\u00e9velopp\u00e9 la plupart de sa carri\u00e8re dans l&rsquo;entreprise priv\u00e9e, ce qui lui a permis de conna\u00eetre directement le fonctionnement, les d\u00e9fis et les probl\u00e8mes auxquels sont confront\u00e9s les PME dans la conjoncture actuelle.<\/p>\n<p>Il coordonne \u00e9galement l&rsquo;activit\u00e9 de globalpacta au Br\u00e9sil.\u00a0Jorge est li\u00e9 professionnellement et personnellement depuis 20 ans \u00e0 ce pays, o\u00f9 il a v\u00e9cu de longues p\u00e9riodes pour y d\u00e9velopper diff\u00e9rents projets professionnels. Tout cela lui a permis d&rsquo;acqu\u00e9rir une connaissance approfondie du monde des affaires et des affaires juridiques du pays.<\/p>\n<p>Il est membre du Barreau de Barcelone.<\/p>\n<p>Il fait partie de l&rsquo;\u00e9quipe de globalpacta depuis mai 2013.<\/p>\n<p><strong>Formation acad\u00e9mique<\/strong><\/p>\n<p>\u2013 Ma\u00eetrise en droit \u00e0 l&rsquo;Universit\u00e9 de Barcelone (1993).<br \/>\n\u2013 MBA (Master in Business Administration). Universitat de Barcelona, Universitat Aut\u00f2noma de\u00a0Catalunya y Universitat Polit\u00e8cnica de Catalunya.<br \/>\n\u2013 International Law Certificate. London Business School.<br \/>\n\u2013 International Trade Certificate. London Business School.<br \/>\n\u2013 Cours de pratique proc\u00e9durale civile. ICAB.<br \/>\n\u2013 Cours de sp\u00e9cialisation sur la protection des donn\u00e9es personnelles. ICAB.<br \/>\n\u2013 Cours de sp\u00e9cialisation sur les droits des consommateurs dans le commerce \u00e9lectronique. ICAB.<br \/>\n\u2013\u00a0Cours de Controller Officer. Wolter Kluwers<br \/>\n\u2013 Cours de Controller Officer. ICAB.<br \/>\n\u2013 Certificat de Data Protection Officer<\/p>\n<p><strong>Langues<br \/>\n<\/strong><\/p>\n<p>Espagnol, catalan, anglais et portugais.<\/p>\n<\/div><div class=\"fusion-clearfix\"><\/div><\/div><\/div><\/div><\/div>\n","protected":false},"excerpt":{"rendered":"","protected":false},"author":3,"featured_media":0,"parent":7210,"menu_order":0,"comment_status":"open","ping_status":"open","template":"","meta":{"_exactmetrics_skip_tracking":false,"_exactmetrics_sitenote_active":false,"_exactmetrics_sitenote_note":"","_exactmetrics_sitenote_category":0,"footnotes":""},"_links":{"self":[{"href":"https:\/\/globalpacta.com\/fr\/wp-json\/wp\/v2\/pages\/7533"}],"collection":[{"href":"https:\/\/globalpacta.com\/fr\/wp-json\/wp\/v2\/pages"}],"about":[{"href":"https:\/\/globalpacta.com\/fr\/wp-json\/wp\/v2\/types\/page"}],"author":[{"embeddable":true,"href":"https:\/\/globalpacta.com\/fr\/wp-json\/wp\/v2\/users\/3"}],"replies":[{"embeddable":true,"href":"https:\/\/globalpacta.com\/fr\/wp-json\/wp\/v2\/comments?post=7533"}],"version-history":[{"count":5,"href":"https:\/\/globalpacta.com\/fr\/wp-json\/wp\/v2\/pages\/7533\/revisions"}],"predecessor-version":[{"id":14113,"href":"https:\/\/globalpacta.com\/fr\/wp-json\/wp\/v2\/pages\/7533\/revisions\/14113"}],"up":[{"embeddable":true,"href":"https:\/\/globalpacta.com\/fr\/wp-json\/wp\/v2\/pages\/7210"}],"wp:attachment":[{"href":"https:\/\/globalpacta.com\/fr\/wp-json\/wp\/v2\/media?parent=7533"}],"curies":[{"name":"wp","href":"https:\/\/api.w.org\/{rel}","templated":true}]}}