{"id":7574,"date":"2016-09-14T08:44:40","date_gmt":"2016-09-14T08:44:40","guid":{"rendered":"http:\/\/globalpacta.com\/laura-gaude"},"modified":"2018-03-01T11:38:47","modified_gmt":"2018-03-01T11:38:47","slug":"laura-gaude","status":"publish","type":"page","link":"https:\/\/globalpacta.com\/fr\/equipo-2\/laura-gaude\/","title":{"rendered":"LAURA GAUDE"},"content":{"rendered":"<div class=\"fusion-fullwidth fullwidth-box fusion-builder-row-1 gp-single-team nonhundred-percent-fullwidth non-hundred-percent-height-scrolling\" style=\"--awb-background-position:left top;--awb-border-radius-top-left:0px;--awb-border-radius-top-right:0px;--awb-border-radius-bottom-right:0px;--awb-border-radius-bottom-left:0px;--awb-padding-top:20px;--awb-padding-bottom:20px;--awb-border-sizes-top:0px;--awb-border-sizes-bottom:0px;--awb-flex-wrap:wrap;\" ><div class=\"fusion-builder-row fusion-row\"><div class=\"fusion-layout-column fusion_builder_column fusion-builder-column-0 fusion_builder_column_1_2 1_2 fusion-one-half fusion-column-first\" style=\"--awb-bg-size:cover;width:48%; margin-right: 4%;\"><div class=\"fusion-column-wrapper fusion-flex-column-wrapper-legacy\"><div class=\"fusion-image-element fusion-image-align-right in-legacy-container\" style=\"text-align:right;--awb-caption-title-font-family:var(--h2_typography-font-family);--awb-caption-title-font-weight:var(--h2_typography-font-weight);--awb-caption-title-font-style:var(--h2_typography-font-style);--awb-caption-title-size:var(--h2_typography-font-size);--awb-caption-title-transform:var(--h2_typography-text-transform);--awb-caption-title-line-height:var(--h2_typography-line-height);--awb-caption-title-letter-spacing:var(--h2_typography-letter-spacing);\"><span class=\" fusion-imageframe imageframe-none imageframe-1 hover-type-none\" style=\"margin-left:25px;float:right;\"><img decoding=\"async\" width=\"427\" height=\"427\" title=\"Laura Gaude\" src=\"https:\/\/globalpacta.com\/wp-content\/uploads\/2015\/02\/Laura-Gaude-e1481647614478.jpeg\" alt class=\"img-responsive wp-image-21062\" srcset=\"https:\/\/globalpacta.com\/wp-content\/uploads\/2015\/02\/Laura-Gaude-e1481647614478-200x200.jpeg 200w, https:\/\/globalpacta.com\/wp-content\/uploads\/2015\/02\/Laura-Gaude-e1481647614478-400x400.jpeg 400w, https:\/\/globalpacta.com\/wp-content\/uploads\/2015\/02\/Laura-Gaude-e1481647614478.jpeg 427w\" sizes=\"(max-width: 800px) 100vw, 427px\" \/><\/span><\/div><div class=\"fusion-clearfix\"><\/div><\/div><\/div><div class=\"fusion-layout-column fusion_builder_column fusion-builder-column-1 fusion_builder_column_1_2 1_2 fusion-one-half fusion-column-last\" style=\"--awb-bg-size:cover;width:48%;\"><div class=\"fusion-column-wrapper fusion-flex-column-wrapper-legacy\"><div class=\"fusion-text fusion-text-1\"><p><strong>Avocate. Associ\u00e9e<\/strong><\/p>\n<p>Laura Gaude poss\u00e8de une vaste exp\u00e9rience en droit des faillites, en agissant souvent comme administrateur judiciaire. Elle conseille \u00e9galement ses clients en mati\u00e8re civile et commerciale. Elle poss\u00e8de une exp\u00e9rience av\u00e9r\u00e9e dans le consulting juridique aux fondations.<\/p>\n<p>Elle est membre du Barreau de Barcelone.<\/p>\n<p>Elle fait partie de l&rsquo;\u00e9quipe de globalpacta depuis 2011.<\/p>\n<p><strong>Formation acad\u00e9mique<\/strong><\/p>\n<p>\u2013 Ma\u00eetrise en droit \u00e0 l&rsquo;Universit\u00e9 de Barcelone.<br \/>\n\u2013 Master en droit fiscal \u00e0 la Facult\u00e9 de droit de l&rsquo;Universit\u00e9 Abat Oliba. Promotion 1999.<br \/>\n\u2013 Cours d&rsquo;administration judiciaire, en 2006, organis\u00e9 par l&rsquo;ICAB.<\/p>\n<p><strong>Langues<\/strong><\/p>\n<p>Espagnol, catalan, anglais et italien.<\/p>\n<\/div><div class=\"fusion-clearfix\"><\/div><\/div><\/div><\/div><\/div>\n","protected":false},"excerpt":{"rendered":"","protected":false},"author":3,"featured_media":0,"parent":7210,"menu_order":0,"comment_status":"open","ping_status":"open","template":"","meta":{"_exactmetrics_skip_tracking":false,"_exactmetrics_sitenote_active":false,"_exactmetrics_sitenote_note":"","_exactmetrics_sitenote_category":0,"footnotes":""},"_links":{"self":[{"href":"https:\/\/globalpacta.com\/fr\/wp-json\/wp\/v2\/pages\/7574"}],"collection":[{"href":"https:\/\/globalpacta.com\/fr\/wp-json\/wp\/v2\/pages"}],"about":[{"href":"https:\/\/globalpacta.com\/fr\/wp-json\/wp\/v2\/types\/page"}],"author":[{"embeddable":true,"href":"https:\/\/globalpacta.com\/fr\/wp-json\/wp\/v2\/users\/3"}],"replies":[{"embeddable":true,"href":"https:\/\/globalpacta.com\/fr\/wp-json\/wp\/v2\/comments?post=7574"}],"version-history":[{"count":2,"href":"https:\/\/globalpacta.com\/fr\/wp-json\/wp\/v2\/pages\/7574\/revisions"}],"predecessor-version":[{"id":8250,"href":"https:\/\/globalpacta.com\/fr\/wp-json\/wp\/v2\/pages\/7574\/revisions\/8250"}],"up":[{"embeddable":true,"href":"https:\/\/globalpacta.com\/fr\/wp-json\/wp\/v2\/pages\/7210"}],"wp:attachment":[{"href":"https:\/\/globalpacta.com\/fr\/wp-json\/wp\/v2\/media?parent=7574"}],"curies":[{"name":"wp","href":"https:\/\/api.w.org\/{rel}","templated":true}]}}