{"id":7642,"date":"2016-09-14T08:58:10","date_gmt":"2016-09-14T08:58:10","guid":{"rendered":"http:\/\/globalpacta.com\/montse-alicarte"},"modified":"2018-03-01T11:38:14","modified_gmt":"2018-03-01T11:38:14","slug":"montse-alicarte","status":"publish","type":"page","link":"https:\/\/globalpacta.com\/fr\/equipo-2\/montse-alicarte\/","title":{"rendered":"MONTSE ALICARTE"},"content":{"rendered":"<div class=\"fusion-fullwidth fullwidth-box fusion-builder-row-1 gp-single-team nonhundred-percent-fullwidth non-hundred-percent-height-scrolling\" style=\"--awb-background-position:left top;--awb-border-radius-top-left:0px;--awb-border-radius-top-right:0px;--awb-border-radius-bottom-right:0px;--awb-border-radius-bottom-left:0px;--awb-padding-top:20px;--awb-padding-bottom:20px;--awb-border-sizes-top:0px;--awb-border-sizes-bottom:0px;--awb-flex-wrap:wrap;\" ><div class=\"fusion-builder-row fusion-row\"><div class=\"fusion-layout-column fusion_builder_column fusion-builder-column-0 fusion_builder_column_1_2 1_2 fusion-one-half fusion-column-first\" style=\"--awb-bg-size:cover;width:48%; margin-right: 4%;\"><div class=\"fusion-column-wrapper fusion-flex-column-wrapper-legacy\"><div class=\"fusion-image-element fusion-image-align-right in-legacy-container\" style=\"text-align:right;--awb-caption-title-font-family:var(--h2_typography-font-family);--awb-caption-title-font-weight:var(--h2_typography-font-weight);--awb-caption-title-font-style:var(--h2_typography-font-style);--awb-caption-title-size:var(--h2_typography-font-size);--awb-caption-title-transform:var(--h2_typography-text-transform);--awb-caption-title-line-height:var(--h2_typography-line-height);--awb-caption-title-letter-spacing:var(--h2_typography-letter-spacing);\"><span class=\" fusion-imageframe imageframe-none imageframe-1 hover-type-none\" style=\"margin-left:25px;float:right;\"><img decoding=\"async\" width=\"427\" height=\"427\" title=\"Montse Alicarte\" src=\"https:\/\/globalpacta.com\/wp-content\/uploads\/2015\/02\/Montse-Alicarte-e1481647415827.jpeg\" alt class=\"img-responsive wp-image-21071\" srcset=\"https:\/\/globalpacta.com\/wp-content\/uploads\/2015\/02\/Montse-Alicarte-e1481647415827-200x200.jpeg 200w, https:\/\/globalpacta.com\/wp-content\/uploads\/2015\/02\/Montse-Alicarte-e1481647415827-400x400.jpeg 400w, https:\/\/globalpacta.com\/wp-content\/uploads\/2015\/02\/Montse-Alicarte-e1481647415827.jpeg 427w\" sizes=\"(max-width: 800px) 100vw, 427px\" \/><\/span><\/div><div class=\"fusion-clearfix\"><\/div><\/div><\/div><div class=\"fusion-layout-column fusion_builder_column fusion-builder-column-1 fusion_builder_column_1_2 1_2 fusion-one-half fusion-column-last\" style=\"--awb-bg-size:cover;width:48%;\"><div class=\"fusion-column-wrapper fusion-flex-column-wrapper-legacy\"><div class=\"fusion-text fusion-text-1\"><p><strong>Fiscal-comptable. Associ\u00e9e<br \/>\n<\/strong><\/p>\n<p>Forte d&rsquo;une exp\u00e9rience de plus de 15 ans, Montse Alicarte est experte en comptabilit\u00e9 avanc\u00e9e et gestion administrative.\u00a0Elle est responsable du service de consulting et de gestion comptable et fiscale aux entreprises.<\/p>\n<p>Elle fait partie de l&rsquo;\u00e9quipe de globalpacta depuis 2014.<\/p>\n<p><strong>Formation acad\u00e9mique<\/strong><\/p>\n<ul>\n<li>Titre de technicien en gestion administrative.<\/li>\n<li>Formation sp\u00e9cifique sp\u00e9cialis\u00e9e en comptabilit\u00e9 et fiscalit\u00e9 pour PME.<\/li>\n<\/ul>\n<p><strong>Langues<br \/>\n<\/strong>Espagnol et catalan.<\/p>\n<\/div><div class=\"fusion-clearfix\"><\/div><\/div><\/div><\/div><\/div>\n","protected":false},"excerpt":{"rendered":"","protected":false},"author":3,"featured_media":0,"parent":7210,"menu_order":0,"comment_status":"open","ping_status":"open","template":"","meta":{"_exactmetrics_skip_tracking":false,"_exactmetrics_sitenote_active":false,"_exactmetrics_sitenote_note":"","_exactmetrics_sitenote_category":0,"footnotes":""},"_links":{"self":[{"href":"https:\/\/globalpacta.com\/fr\/wp-json\/wp\/v2\/pages\/7642"}],"collection":[{"href":"https:\/\/globalpacta.com\/fr\/wp-json\/wp\/v2\/pages"}],"about":[{"href":"https:\/\/globalpacta.com\/fr\/wp-json\/wp\/v2\/types\/page"}],"author":[{"embeddable":true,"href":"https:\/\/globalpacta.com\/fr\/wp-json\/wp\/v2\/users\/3"}],"replies":[{"embeddable":true,"href":"https:\/\/globalpacta.com\/fr\/wp-json\/wp\/v2\/comments?post=7642"}],"version-history":[{"count":2,"href":"https:\/\/globalpacta.com\/fr\/wp-json\/wp\/v2\/pages\/7642\/revisions"}],"predecessor-version":[{"id":8245,"href":"https:\/\/globalpacta.com\/fr\/wp-json\/wp\/v2\/pages\/7642\/revisions\/8245"}],"up":[{"embeddable":true,"href":"https:\/\/globalpacta.com\/fr\/wp-json\/wp\/v2\/pages\/7210"}],"wp:attachment":[{"href":"https:\/\/globalpacta.com\/fr\/wp-json\/wp\/v2\/media?parent=7642"}],"curies":[{"name":"wp","href":"https:\/\/api.w.org\/{rel}","templated":true}]}}