{"id":7677,"date":"2017-01-25T15:11:03","date_gmt":"2017-01-25T15:11:03","guid":{"rendered":"http:\/\/globalpacta.com\/zohra-khelidj-2"},"modified":"2018-03-01T11:40:20","modified_gmt":"2018-03-01T11:40:20","slug":"zohra-khelidj-2","status":"publish","type":"page","link":"https:\/\/globalpacta.com\/fr\/equipo-2\/zohra-khelidj-2\/","title":{"rendered":"ZOHRA KHELIDJ"},"content":{"rendered":"<div class=\"fusion-fullwidth fullwidth-box fusion-builder-row-1 gp-single-team nonhundred-percent-fullwidth non-hundred-percent-height-scrolling\" style=\"--awb-background-position:left top;--awb-border-radius-top-left:0px;--awb-border-radius-top-right:0px;--awb-border-radius-bottom-right:0px;--awb-border-radius-bottom-left:0px;--awb-padding-top:20px;--awb-padding-bottom:20px;--awb-border-sizes-top:0px;--awb-border-sizes-bottom:0px;--awb-flex-wrap:wrap;\" ><div class=\"fusion-builder-row fusion-row\"><div class=\"fusion-layout-column fusion_builder_column fusion-builder-column-0 fusion_builder_column_1_2 1_2 fusion-one-half fusion-column-first\" style=\"--awb-bg-size:cover;width:48%; margin-right: 4%;\"><div class=\"fusion-column-wrapper fusion-flex-column-wrapper-legacy\"><div class=\"fusion-image-element fusion-image-align-right in-legacy-container\" style=\"text-align:right;--awb-caption-title-font-family:var(--h2_typography-font-family);--awb-caption-title-font-weight:var(--h2_typography-font-weight);--awb-caption-title-font-style:var(--h2_typography-font-style);--awb-caption-title-size:var(--h2_typography-font-size);--awb-caption-title-transform:var(--h2_typography-text-transform);--awb-caption-title-line-height:var(--h2_typography-line-height);--awb-caption-title-letter-spacing:var(--h2_typography-letter-spacing);\"><span class=\" fusion-imageframe imageframe-none imageframe-1 hover-type-none\" style=\"margin-left:25px;float:right;\"><img decoding=\"async\" width=\"427\" height=\"427\" title=\"Zohra Khelidj\" src=\"https:\/\/globalpacta.com\/wp-content\/uploads\/2017\/01\/Zohra-Khelidj.jpg\" alt class=\"img-responsive wp-image-4998\" srcset=\"https:\/\/globalpacta.com\/wp-content\/uploads\/2017\/01\/Zohra-Khelidj-200x200.jpg 200w, https:\/\/globalpacta.com\/wp-content\/uploads\/2017\/01\/Zohra-Khelidj-400x400.jpg 400w, https:\/\/globalpacta.com\/wp-content\/uploads\/2017\/01\/Zohra-Khelidj.jpg 427w\" sizes=\"(max-width: 800px) 100vw, 427px\" \/><\/span><\/div><div class=\"fusion-clearfix\"><\/div><\/div><\/div><div class=\"fusion-layout-column fusion_builder_column fusion-builder-column-1 fusion_builder_column_1_2 1_2 fusion-one-half fusion-column-last\" style=\"--awb-bg-size:cover;width:48%;\"><div class=\"fusion-column-wrapper fusion-flex-column-wrapper-legacy\"><div class=\"fusion-text fusion-text-1\"><p><strong>Avocate<\/strong><\/p>\n<p>L&rsquo;avocate Zohra Khelidj fait partie de notre \u00e9quipe du cabinet de Marseille. Elle est un avocate sp\u00e9cialiste en droit priv\u00e9 et sciences criminelles. Elle poss\u00e8de \u00e9galement une longue exp\u00e9rience comme secr\u00e9taire juridique, ce qui lui a permis d&rsquo;acqu\u00e9rir des comp\u00e9tences suppl\u00e9mentaires.<\/p>\n<p><strong>Formation acad\u00e9mique<\/strong><\/p>\n<ul>\n<li>Ma\u00eetrise en droit priv\u00e9 \u00e0 l&rsquo;Universit\u00e9 Paul C\u00e9zanne Aix-Marseille III.<\/li>\n<li>Master en droit priv\u00e9, sciences criminelles et justice \u00e0 l&rsquo;Universit\u00e9 Paul C\u00e9zanne Aix-Marseille III.<\/li>\n<li>Certificat de qualification professionnelle de secr\u00e9taire juridique dans le cabinet d&rsquo;avocats ICADEMIE-ENADEP.<\/li>\n<\/ul>\n<p><strong>Langues<\/strong><\/p>\n<p>Fran\u00e7ais, anglais et espagnol.<\/p>\n<\/div><div class=\"fusion-clearfix\"><\/div><\/div><\/div><\/div><\/div>\n","protected":false},"excerpt":{"rendered":"","protected":false},"author":3,"featured_media":0,"parent":7210,"menu_order":0,"comment_status":"open","ping_status":"open","template":"","meta":{"_exactmetrics_skip_tracking":false,"_exactmetrics_sitenote_active":false,"_exactmetrics_sitenote_note":"","_exactmetrics_sitenote_category":0,"footnotes":""},"_links":{"self":[{"href":"https:\/\/globalpacta.com\/fr\/wp-json\/wp\/v2\/pages\/7677"}],"collection":[{"href":"https:\/\/globalpacta.com\/fr\/wp-json\/wp\/v2\/pages"}],"about":[{"href":"https:\/\/globalpacta.com\/fr\/wp-json\/wp\/v2\/types\/page"}],"author":[{"embeddable":true,"href":"https:\/\/globalpacta.com\/fr\/wp-json\/wp\/v2\/users\/3"}],"replies":[{"embeddable":true,"href":"https:\/\/globalpacta.com\/fr\/wp-json\/wp\/v2\/comments?post=7677"}],"version-history":[{"count":2,"href":"https:\/\/globalpacta.com\/fr\/wp-json\/wp\/v2\/pages\/7677\/revisions"}],"predecessor-version":[{"id":8255,"href":"https:\/\/globalpacta.com\/fr\/wp-json\/wp\/v2\/pages\/7677\/revisions\/8255"}],"up":[{"embeddable":true,"href":"https:\/\/globalpacta.com\/fr\/wp-json\/wp\/v2\/pages\/7210"}],"wp:attachment":[{"href":"https:\/\/globalpacta.com\/fr\/wp-json\/wp\/v2\/media?parent=7677"}],"curies":[{"name":"wp","href":"https:\/\/api.w.org\/{rel}","templated":true}]}}