{"id":7712,"date":"2016-09-14T09:03:15","date_gmt":"2016-09-14T09:03:15","guid":{"rendered":"http:\/\/globalpacta.com\/nathalie-clanche"},"modified":"2018-03-01T11:38:41","modified_gmt":"2018-03-01T11:38:41","slug":"nathalie-clanche","status":"publish","type":"page","link":"https:\/\/globalpacta.com\/fr\/equipo-2\/nathalie-clanche\/","title":{"rendered":"NATHALIE CLANCH\u00c9"},"content":{"rendered":"<div class=\"fusion-fullwidth fullwidth-box fusion-builder-row-1 gp-single-team nonhundred-percent-fullwidth non-hundred-percent-height-scrolling\" style=\"--awb-background-position:left top;--awb-border-radius-top-left:0px;--awb-border-radius-top-right:0px;--awb-border-radius-bottom-right:0px;--awb-border-radius-bottom-left:0px;--awb-padding-top:20px;--awb-padding-bottom:20px;--awb-border-sizes-top:0px;--awb-border-sizes-bottom:0px;--awb-flex-wrap:wrap;\" ><div class=\"fusion-builder-row fusion-row\"><div class=\"fusion-layout-column fusion_builder_column fusion-builder-column-0 fusion_builder_column_1_2 1_2 fusion-one-half fusion-column-first\" style=\"--awb-bg-size:cover;width:48%; margin-right: 4%;\"><div class=\"fusion-column-wrapper fusion-flex-column-wrapper-legacy\"><div class=\"fusion-image-element fusion-image-align-right in-legacy-container\" style=\"text-align:right;--awb-caption-title-font-family:var(--h2_typography-font-family);--awb-caption-title-font-weight:var(--h2_typography-font-weight);--awb-caption-title-font-style:var(--h2_typography-font-style);--awb-caption-title-size:var(--h2_typography-font-size);--awb-caption-title-transform:var(--h2_typography-text-transform);--awb-caption-title-line-height:var(--h2_typography-line-height);--awb-caption-title-letter-spacing:var(--h2_typography-letter-spacing);\"><span class=\" fusion-imageframe imageframe-none imageframe-1 hover-type-none\" style=\"margin-left:25px;float:right;\"><img decoding=\"async\" width=\"427\" height=\"427\" title=\"Nathalie-Clanche\" src=\"https:\/\/globalpacta.com\/wp-content\/uploads\/2015\/02\/Nathalie-Clanche.jpeg\" alt class=\"img-responsive wp-image-21107\" srcset=\"https:\/\/globalpacta.com\/wp-content\/uploads\/2015\/02\/Nathalie-Clanche-200x200.jpeg 200w, https:\/\/globalpacta.com\/wp-content\/uploads\/2015\/02\/Nathalie-Clanche-400x400.jpeg 400w, https:\/\/globalpacta.com\/wp-content\/uploads\/2015\/02\/Nathalie-Clanche.jpeg 427w\" sizes=\"(max-width: 800px) 100vw, 427px\" \/><\/span><\/div><div class=\"fusion-clearfix\"><\/div><\/div><\/div><div class=\"fusion-layout-column fusion_builder_column fusion-builder-column-1 fusion_builder_column_1_2 1_2 fusion-one-half fusion-column-last\" style=\"--awb-bg-size:cover;width:48%;\"><div class=\"fusion-column-wrapper fusion-flex-column-wrapper-legacy\"><div class=\"fusion-text fusion-text-1\"><p><strong>Technicienne en droit. Associ\u00e9e<br \/>\n<\/strong><\/p>\n<p>Nathalie Clanch\u00e9 fait partie du French Desk du cabinet.\u00a0Elle traite, avec l&rsquo;\u00e9quipe, tous types d&rsquo;op\u00e9rations relevant du droit des successions et de l&rsquo;immobilier, notamment la gestion de tout type de documents publics ou priv\u00e9s, leur pr\u00e9sentation devant les registres de la propri\u00e9t\u00e9 immobili\u00e8re et du commerce, la liquidation et la d\u00e9claration des imp\u00f4ts, notamment pour les non-r\u00e9sidents et la gestion pour l&rsquo;obtention du Num\u00e9ro d&rsquo;identification d&rsquo;\u00e9tranger.<\/p>\n<p>Elle fait partie de l\u2019\u00e9quipe de globalpacta depuis 2015.<\/p>\n<p><strong>Formation acad\u00e9mique<\/strong><\/p>\n<ul>\n<li>Ma\u00eetrise en Droit fran\u00e7ais \u00e0 l&rsquo;Universit\u00e9 de Lille (France).<\/li>\n<\/ul>\n<p><strong>Langues<\/strong><\/p>\n<p>Espagnol, catalan, anglais et fran\u00e7ais.<\/p>\n<\/div><div class=\"fusion-clearfix\"><\/div><\/div><\/div><\/div><\/div>\n","protected":false},"excerpt":{"rendered":"","protected":false},"author":3,"featured_media":0,"parent":7210,"menu_order":0,"comment_status":"open","ping_status":"open","template":"","meta":{"_exactmetrics_skip_tracking":false,"_exactmetrics_sitenote_active":false,"_exactmetrics_sitenote_note":"","_exactmetrics_sitenote_category":0,"footnotes":""},"_links":{"self":[{"href":"https:\/\/globalpacta.com\/fr\/wp-json\/wp\/v2\/pages\/7712"}],"collection":[{"href":"https:\/\/globalpacta.com\/fr\/wp-json\/wp\/v2\/pages"}],"about":[{"href":"https:\/\/globalpacta.com\/fr\/wp-json\/wp\/v2\/types\/page"}],"author":[{"embeddable":true,"href":"https:\/\/globalpacta.com\/fr\/wp-json\/wp\/v2\/users\/3"}],"replies":[{"embeddable":true,"href":"https:\/\/globalpacta.com\/fr\/wp-json\/wp\/v2\/comments?post=7712"}],"version-history":[{"count":3,"href":"https:\/\/globalpacta.com\/fr\/wp-json\/wp\/v2\/pages\/7712\/revisions"}],"predecessor-version":[{"id":8249,"href":"https:\/\/globalpacta.com\/fr\/wp-json\/wp\/v2\/pages\/7712\/revisions\/8249"}],"up":[{"embeddable":true,"href":"https:\/\/globalpacta.com\/fr\/wp-json\/wp\/v2\/pages\/7210"}],"wp:attachment":[{"href":"https:\/\/globalpacta.com\/fr\/wp-json\/wp\/v2\/media?parent=7712"}],"curies":[{"name":"wp","href":"https:\/\/api.w.org\/{rel}","templated":true}]}}