{"id":7723,"date":"2016-09-14T09:02:36","date_gmt":"2016-09-14T09:02:36","guid":{"rendered":"http:\/\/globalpacta.com\/nicolas-clanche"},"modified":"2018-03-01T11:37:45","modified_gmt":"2018-03-01T11:37:45","slug":"nicolas-clanche","status":"publish","type":"page","link":"https:\/\/globalpacta.com\/fr\/equipo-2\/nicolas-clanche\/","title":{"rendered":"NICOLAS CLANCH\u00c9"},"content":{"rendered":"<div class=\"fusion-fullwidth fullwidth-box fusion-builder-row-1 gp-single-team nonhundred-percent-fullwidth non-hundred-percent-height-scrolling\" style=\"--awb-background-position:left top;--awb-border-radius-top-left:0px;--awb-border-radius-top-right:0px;--awb-border-radius-bottom-right:0px;--awb-border-radius-bottom-left:0px;--awb-padding-top:20px;--awb-padding-bottom:20px;--awb-border-sizes-top:0px;--awb-border-sizes-bottom:0px;--awb-flex-wrap:wrap;\" ><div class=\"fusion-builder-row fusion-row\"><div class=\"fusion-layout-column fusion_builder_column fusion-builder-column-0 fusion_builder_column_1_2 1_2 fusion-one-half fusion-column-first\" style=\"--awb-bg-size:cover;width:48%; margin-right: 4%;\"><div class=\"fusion-column-wrapper fusion-flex-column-wrapper-legacy\"><div class=\"fusion-image-element fusion-image-align-right in-legacy-container\" style=\"text-align:right;--awb-caption-title-font-family:var(--h2_typography-font-family);--awb-caption-title-font-weight:var(--h2_typography-font-weight);--awb-caption-title-font-style:var(--h2_typography-font-style);--awb-caption-title-size:var(--h2_typography-font-size);--awb-caption-title-transform:var(--h2_typography-text-transform);--awb-caption-title-line-height:var(--h2_typography-line-height);--awb-caption-title-letter-spacing:var(--h2_typography-letter-spacing);\"><span class=\" fusion-imageframe imageframe-none imageframe-1 hover-type-none\" style=\"margin-left:25px;float:right;\"><img decoding=\"async\" width=\"427\" height=\"427\" title=\"Nicolas-Clanche\" src=\"https:\/\/globalpacta.com\/wp-content\/uploads\/2015\/02\/Nicolas-Clanche.jpeg\" alt class=\"img-responsive wp-image-21104\" srcset=\"https:\/\/globalpacta.com\/wp-content\/uploads\/2015\/02\/Nicolas-Clanche-200x200.jpeg 200w, https:\/\/globalpacta.com\/wp-content\/uploads\/2015\/02\/Nicolas-Clanche-400x400.jpeg 400w, https:\/\/globalpacta.com\/wp-content\/uploads\/2015\/02\/Nicolas-Clanche.jpeg 427w\" sizes=\"(max-width: 800px) 100vw, 427px\" \/><\/span><\/div><div class=\"fusion-clearfix\"><\/div><\/div><\/div><div class=\"fusion-layout-column fusion_builder_column fusion-builder-column-1 fusion_builder_column_1_2 1_2 fusion-one-half fusion-column-last\" style=\"--awb-bg-size:cover;width:48%;\"><div class=\"fusion-column-wrapper fusion-flex-column-wrapper-legacy\"><div class=\"fusion-text fusion-text-1\"><p><strong>Avocat fran\u00e7ais. Associ\u00e9<br \/>\n<\/strong><\/p>\n<p>Nicolas Clanch\u00e9 fait partie du French Desk de notre cabinet.\u00a0Il est sp\u00e9cialis\u00e9 en droit priv\u00e9 international et assiste ses clients dans tous types d&rsquo;affaires relevant du droit civil et immobilier, en particulier dans les proc\u00e9dures de succesion internationales et les processus d&rsquo;impl\u00e9mentation. Il assiste \u00e9galement les clients dans les investissements \u00e9trangers sur le territoire espagnol, fran\u00e7ais ou francophone, ainsi que dans les transmissions patrimoniales transfrontali\u00e8res et la fiscalit\u00e9 des non-r\u00e9sidents.<\/p>\n<p>Il est membre du Barreau de Barcelone et l&rsquo;avocat de r\u00e9f\u00e9rence au Consulat G\u00e9n\u00e9ral de France de Barcelone.<\/p>\n<p>Il fait partie de l&rsquo;\u00e9quipe de globalpacta depuis 2015.<\/p>\n<p><strong>Formation acad\u00e9mique<\/strong><\/p>\n<ul>\n<li>Ma\u00eetrise en Droit fran\u00e7ais et Ma\u00eetrise en Droit priv\u00e9 \u00e0 l&rsquo;Universit\u00e9 de Lille (France).<\/li>\n<li>Re\u00e7u \u00e0 l&rsquo;examen d&rsquo;homologation r\u00e9alis\u00e9 aupr\u00e8s de l&rsquo;Universit\u00e9 Autonome de Barcelone et l&rsquo;Universit\u00e9 de Barcelone (2006-2007).<\/li>\n<li>Homologation des dipl\u00f4mes fran\u00e7ais en Espagne en \u00ab\u00a0Licenciado en Derecho\u00a0\u00bb (2008), accord\u00e9e par le Minist\u00e8re de l&rsquo;Education et des Sciences.<\/li>\n<\/ul>\n<p><strong>Langues<\/strong><\/p>\n<p>Espagnol, catalan, anglais et fran\u00e7ais.<\/p>\n<\/div><div class=\"fusion-clearfix\"><\/div><\/div><\/div><\/div><\/div>\n","protected":false},"excerpt":{"rendered":"","protected":false},"author":3,"featured_media":0,"parent":7210,"menu_order":0,"comment_status":"open","ping_status":"open","template":"","meta":{"_exactmetrics_skip_tracking":false,"_exactmetrics_sitenote_active":false,"_exactmetrics_sitenote_note":"","_exactmetrics_sitenote_category":0,"footnotes":""},"_links":{"self":[{"href":"https:\/\/globalpacta.com\/fr\/wp-json\/wp\/v2\/pages\/7723"}],"collection":[{"href":"https:\/\/globalpacta.com\/fr\/wp-json\/wp\/v2\/pages"}],"about":[{"href":"https:\/\/globalpacta.com\/fr\/wp-json\/wp\/v2\/types\/page"}],"author":[{"embeddable":true,"href":"https:\/\/globalpacta.com\/fr\/wp-json\/wp\/v2\/users\/3"}],"replies":[{"embeddable":true,"href":"https:\/\/globalpacta.com\/fr\/wp-json\/wp\/v2\/comments?post=7723"}],"version-history":[{"count":2,"href":"https:\/\/globalpacta.com\/fr\/wp-json\/wp\/v2\/pages\/7723\/revisions"}],"predecessor-version":[{"id":8240,"href":"https:\/\/globalpacta.com\/fr\/wp-json\/wp\/v2\/pages\/7723\/revisions\/8240"}],"up":[{"embeddable":true,"href":"https:\/\/globalpacta.com\/fr\/wp-json\/wp\/v2\/pages\/7210"}],"wp:attachment":[{"href":"https:\/\/globalpacta.com\/fr\/wp-json\/wp\/v2\/media?parent=7723"}],"curies":[{"name":"wp","href":"https:\/\/api.w.org\/{rel}","templated":true}]}}