{"id":7733,"date":"2017-01-25T15:13:03","date_gmt":"2017-01-25T15:13:03","guid":{"rendered":"http:\/\/globalpacta.com\/olivier-blanc-2"},"modified":"2018-03-01T11:37:32","modified_gmt":"2018-03-01T11:37:32","slug":"olivier-blanc-2","status":"publish","type":"page","link":"https:\/\/globalpacta.com\/fr\/equipo-2\/olivier-blanc-2\/","title":{"rendered":"OLIVIER BLANC"},"content":{"rendered":"<div class=\"fusion-fullwidth fullwidth-box fusion-builder-row-1 gp-single-team nonhundred-percent-fullwidth non-hundred-percent-height-scrolling\" style=\"--awb-background-position:left top;--awb-border-radius-top-left:0px;--awb-border-radius-top-right:0px;--awb-border-radius-bottom-right:0px;--awb-border-radius-bottom-left:0px;--awb-padding-top:20px;--awb-padding-bottom:20px;--awb-border-sizes-top:0px;--awb-border-sizes-bottom:0px;--awb-flex-wrap:wrap;\" ><div class=\"fusion-builder-row fusion-row\"><div class=\"fusion-layout-column fusion_builder_column fusion-builder-column-0 fusion_builder_column_1_2 1_2 fusion-one-half fusion-column-first\" style=\"--awb-bg-size:cover;width:48%; margin-right: 4%;\"><div class=\"fusion-column-wrapper fusion-flex-column-wrapper-legacy\"><div class=\"fusion-image-element fusion-image-align-right in-legacy-container\" style=\"text-align:right;--awb-caption-title-font-family:var(--h2_typography-font-family);--awb-caption-title-font-weight:var(--h2_typography-font-weight);--awb-caption-title-font-style:var(--h2_typography-font-style);--awb-caption-title-size:var(--h2_typography-font-size);--awb-caption-title-transform:var(--h2_typography-text-transform);--awb-caption-title-line-height:var(--h2_typography-line-height);--awb-caption-title-letter-spacing:var(--h2_typography-letter-spacing);\"><span class=\" fusion-imageframe imageframe-none imageframe-1 hover-type-none\" style=\"margin-left:25px;float:right;\"><img decoding=\"async\" width=\"427\" height=\"427\" title=\"Olivier Blanc\" src=\"https:\/\/globalpacta.com\/wp-content\/uploads\/2017\/01\/Olivier-Blanc.jpg\" alt class=\"img-responsive wp-image-4992\" srcset=\"https:\/\/globalpacta.com\/wp-content\/uploads\/2017\/01\/Olivier-Blanc-200x200.jpg 200w, https:\/\/globalpacta.com\/wp-content\/uploads\/2017\/01\/Olivier-Blanc-400x400.jpg 400w, https:\/\/globalpacta.com\/wp-content\/uploads\/2017\/01\/Olivier-Blanc.jpg 427w\" sizes=\"(max-width: 800px) 100vw, 427px\" \/><\/span><\/div><div class=\"fusion-clearfix\"><\/div><\/div><\/div><div class=\"fusion-layout-column fusion_builder_column fusion-builder-column-1 fusion_builder_column_1_2 1_2 fusion-one-half fusion-column-last\" style=\"--awb-bg-size:cover;width:48%;\"><div class=\"fusion-column-wrapper fusion-flex-column-wrapper-legacy\"><div class=\"fusion-text fusion-text-1\"><p><strong>Avocat<\/strong><\/p>\n<p>Olivier Blanc est notre associ\u00e9 du cabinet de Marseille. Il est avocat sp\u00e9cialiste en droit commercial, droit des soci\u00e9t\u00e9s, droit commercial, droit p\u00e9nal et droit de compensation.<br \/>\nDepuis 2001, Olivier est l&rsquo;associ\u00e9 du cabinet Olivier Blanc, o\u00f9 il coordonne un grand groupe d&rsquo;avocats experts dans tous les domaines du droit.<\/p>\n<p><strong>Formation acad\u00e9mique<\/strong><\/p>\n<ul>\n<li>Ma\u00eetrise en Droit \u00e0 l&rsquo;Universit\u00e9 de Droit d&rsquo;Aix-en-Provence.<\/li>\n<li>Dipl\u00f4me de l&rsquo;Institut d&rsquo;Etudes Politiques d&rsquo;Aix-en-Provence. Section \u00e9conomique et financi\u00e8re dans l&rsquo;option internationale.<\/li>\n<li>Dipl\u00f4me d&rsquo;\u00e9tudes sup\u00e9rieures sp\u00e9cialis\u00e9es (DESS) en \u00ab Luttes contre la d\u00e9linquance et les d\u00e9viances \u00bb \u00e0 l&rsquo;Universit\u00e9 d&rsquo;Aix en Provence.<\/li>\n<li>Dipl\u00f4me d&rsquo;\u00e9tudes approfondies (DEA) en sciences p\u00e9nales et criminologie.<\/li>\n<\/ul>\n<p><strong>Langues<\/strong><\/p>\n<p>Fran\u00e7ais, espagnol et anglais.<\/p>\n<\/div><div class=\"fusion-clearfix\"><\/div><\/div><\/div><\/div><\/div>\n","protected":false},"excerpt":{"rendered":"","protected":false},"author":3,"featured_media":0,"parent":7210,"menu_order":0,"comment_status":"open","ping_status":"open","template":"","meta":{"_exactmetrics_skip_tracking":false,"_exactmetrics_sitenote_active":false,"_exactmetrics_sitenote_note":"","_exactmetrics_sitenote_category":0,"footnotes":""},"_links":{"self":[{"href":"https:\/\/globalpacta.com\/fr\/wp-json\/wp\/v2\/pages\/7733"}],"collection":[{"href":"https:\/\/globalpacta.com\/fr\/wp-json\/wp\/v2\/pages"}],"about":[{"href":"https:\/\/globalpacta.com\/fr\/wp-json\/wp\/v2\/types\/page"}],"author":[{"embeddable":true,"href":"https:\/\/globalpacta.com\/fr\/wp-json\/wp\/v2\/users\/3"}],"replies":[{"embeddable":true,"href":"https:\/\/globalpacta.com\/fr\/wp-json\/wp\/v2\/comments?post=7733"}],"version-history":[{"count":2,"href":"https:\/\/globalpacta.com\/fr\/wp-json\/wp\/v2\/pages\/7733\/revisions"}],"predecessor-version":[{"id":8238,"href":"https:\/\/globalpacta.com\/fr\/wp-json\/wp\/v2\/pages\/7733\/revisions\/8238"}],"up":[{"embeddable":true,"href":"https:\/\/globalpacta.com\/fr\/wp-json\/wp\/v2\/pages\/7210"}],"wp:attachment":[{"href":"https:\/\/globalpacta.com\/fr\/wp-json\/wp\/v2\/media?parent=7733"}],"curies":[{"name":"wp","href":"https:\/\/api.w.org\/{rel}","templated":true}]}}