{"id":7743,"date":"2016-09-14T08:46:40","date_gmt":"2016-09-14T08:46:40","guid":{"rendered":"http:\/\/globalpacta.com\/pere-rossinyol"},"modified":"2018-03-01T11:40:38","modified_gmt":"2018-03-01T11:40:38","slug":"pere-rossinyol","status":"publish","type":"page","link":"https:\/\/globalpacta.com\/fr\/equipo-2\/pere-rossinyol\/","title":{"rendered":"PERE ROSSINYOL"},"content":{"rendered":"<div class=\"fusion-fullwidth fullwidth-box fusion-builder-row-1 gp-single-team nonhundred-percent-fullwidth non-hundred-percent-height-scrolling\" style=\"--awb-background-position:left top;--awb-border-radius-top-left:0px;--awb-border-radius-top-right:0px;--awb-border-radius-bottom-right:0px;--awb-border-radius-bottom-left:0px;--awb-padding-top:20px;--awb-padding-bottom:20px;--awb-border-sizes-top:0px;--awb-border-sizes-bottom:0px;--awb-flex-wrap:wrap;\" ><div class=\"fusion-builder-row fusion-row\"><div class=\"fusion-layout-column fusion_builder_column fusion-builder-column-0 fusion_builder_column_1_2 1_2 fusion-one-half fusion-column-first\" style=\"--awb-bg-size:cover;width:48%; margin-right: 4%;\"><div class=\"fusion-column-wrapper fusion-flex-column-wrapper-legacy\"><div class=\"fusion-image-element fusion-image-align-right in-legacy-container\" style=\"text-align:right;--awb-caption-title-font-family:var(--h2_typography-font-family);--awb-caption-title-font-weight:var(--h2_typography-font-weight);--awb-caption-title-font-style:var(--h2_typography-font-style);--awb-caption-title-size:var(--h2_typography-font-size);--awb-caption-title-transform:var(--h2_typography-text-transform);--awb-caption-title-line-height:var(--h2_typography-line-height);--awb-caption-title-letter-spacing:var(--h2_typography-letter-spacing);\"><span class=\" fusion-imageframe imageframe-none imageframe-1 hover-type-none\" style=\"margin-left:25px;float:right;\"><img decoding=\"async\" width=\"427\" height=\"427\" title=\"Pere Rossinyol\" src=\"https:\/\/globalpacta.com\/wp-content\/uploads\/2015\/02\/Pere-Rossinyol-e1481647450706.jpeg\" alt class=\"img-responsive wp-image-21069\" srcset=\"https:\/\/globalpacta.com\/wp-content\/uploads\/2015\/02\/Pere-Rossinyol-e1481647450706-200x200.jpeg 200w, https:\/\/globalpacta.com\/wp-content\/uploads\/2015\/02\/Pere-Rossinyol-e1481647450706-400x400.jpeg 400w, https:\/\/globalpacta.com\/wp-content\/uploads\/2015\/02\/Pere-Rossinyol-e1481647450706.jpeg 427w\" sizes=\"(max-width: 800px) 100vw, 427px\" \/><\/span><\/div><div class=\"fusion-clearfix\"><\/div><\/div><\/div><div class=\"fusion-layout-column fusion_builder_column fusion-builder-column-1 fusion_builder_column_1_2 1_2 fusion-one-half fusion-column-last\" style=\"--awb-bg-size:cover;width:48%;\"><div class=\"fusion-column-wrapper fusion-flex-column-wrapper-legacy\"><div class=\"fusion-text fusion-text-1\"><p><strong>Financier. Associ\u00e9<\/strong><\/p>\n<p>Pere Rossinyol assiste ses clients du point de vue \u00e9conomique et financier.\u00a0Il poss\u00e8de une exp\u00e9rience av\u00e9r\u00e9e dans le conseil financier aux entreprises en difficult\u00e9 et aux personnes physiques et dans la restructuration et r\u00e9organisation des entreprises. Tout au long de sa carri\u00e8re, il a notamment pr\u00eat\u00e9 son conseil en mati\u00e8re financi\u00e8re aux entreprises du secteur agroalimentaire.<\/p>\n<p>Il est membre de l&rsquo;European Financial Planning Association d&rsquo;Espagne.<\/p>\n<p>Il fait partie de l&rsquo;\u00e9quipe de globalpacta depuis 2011.<\/p>\n<p><strong>Formation acad\u00e9mique<\/strong><\/p>\n<p>\u2013 Expert technicien \u00e9conomique \u00e0 l&rsquo;Universit\u00e9 Autonome de Barcelone.<br \/>\n\u2013 Conseiller financier europ\u00e9en \u00e0 l&rsquo;Universit\u00e9 Polytechnique de Madrid.<br \/>\n\u2013 Expert technicien immobilier \u00e0 l&rsquo;ESINE.<\/p>\n<p><strong>Langues<\/strong><\/p>\n<p>Espagnol, catalan, anglais et fran\u00e7ais.<\/p>\n<\/div><div class=\"fusion-clearfix\"><\/div><\/div><\/div><\/div><\/div>\n","protected":false},"excerpt":{"rendered":"","protected":false},"author":3,"featured_media":0,"parent":7210,"menu_order":0,"comment_status":"open","ping_status":"open","template":"","meta":{"_exactmetrics_skip_tracking":false,"_exactmetrics_sitenote_active":false,"_exactmetrics_sitenote_note":"","_exactmetrics_sitenote_category":0,"footnotes":""},"_links":{"self":[{"href":"https:\/\/globalpacta.com\/fr\/wp-json\/wp\/v2\/pages\/7743"}],"collection":[{"href":"https:\/\/globalpacta.com\/fr\/wp-json\/wp\/v2\/pages"}],"about":[{"href":"https:\/\/globalpacta.com\/fr\/wp-json\/wp\/v2\/types\/page"}],"author":[{"embeddable":true,"href":"https:\/\/globalpacta.com\/fr\/wp-json\/wp\/v2\/users\/3"}],"replies":[{"embeddable":true,"href":"https:\/\/globalpacta.com\/fr\/wp-json\/wp\/v2\/comments?post=7743"}],"version-history":[{"count":2,"href":"https:\/\/globalpacta.com\/fr\/wp-json\/wp\/v2\/pages\/7743\/revisions"}],"predecessor-version":[{"id":8258,"href":"https:\/\/globalpacta.com\/fr\/wp-json\/wp\/v2\/pages\/7743\/revisions\/8258"}],"up":[{"embeddable":true,"href":"https:\/\/globalpacta.com\/fr\/wp-json\/wp\/v2\/pages\/7210"}],"wp:attachment":[{"href":"https:\/\/globalpacta.com\/fr\/wp-json\/wp\/v2\/media?parent=7743"}],"curies":[{"name":"wp","href":"https:\/\/api.w.org\/{rel}","templated":true}]}}