{"id":7753,"date":"2016-09-14T08:59:27","date_gmt":"2016-09-14T08:59:27","guid":{"rendered":"http:\/\/globalpacta.com\/samuel-jimenez"},"modified":"2018-03-01T11:40:26","modified_gmt":"2018-03-01T11:40:26","slug":"samuel-jimenez","status":"publish","type":"page","link":"https:\/\/globalpacta.com\/fr\/equipo-2\/samuel-jimenez\/","title":{"rendered":"SAMUEL JIM\u00c9NEZ"},"content":{"rendered":"<div class=\"fusion-fullwidth fullwidth-box fusion-builder-row-1 gp-single-team nonhundred-percent-fullwidth non-hundred-percent-height-scrolling\" style=\"--awb-background-position:left top;--awb-border-radius-top-left:0px;--awb-border-radius-top-right:0px;--awb-border-radius-bottom-right:0px;--awb-border-radius-bottom-left:0px;--awb-padding-top:20px;--awb-padding-bottom:20px;--awb-border-sizes-top:0px;--awb-border-sizes-bottom:0px;--awb-flex-wrap:wrap;\" ><div class=\"fusion-builder-row fusion-row\"><div class=\"fusion-layout-column fusion_builder_column fusion-builder-column-0 fusion_builder_column_1_2 1_2 fusion-one-half fusion-column-first\" style=\"--awb-bg-size:cover;width:48%; margin-right: 4%;\"><div class=\"fusion-column-wrapper fusion-flex-column-wrapper-legacy\"><div class=\"fusion-image-element fusion-image-align-right in-legacy-container\" style=\"text-align:right;--awb-caption-title-font-family:var(--h2_typography-font-family);--awb-caption-title-font-weight:var(--h2_typography-font-weight);--awb-caption-title-font-style:var(--h2_typography-font-style);--awb-caption-title-size:var(--h2_typography-font-size);--awb-caption-title-transform:var(--h2_typography-text-transform);--awb-caption-title-line-height:var(--h2_typography-line-height);--awb-caption-title-letter-spacing:var(--h2_typography-letter-spacing);\"><span class=\" fusion-imageframe imageframe-none imageframe-1 hover-type-none\" style=\"margin-left:25px;float:right;\"><img decoding=\"async\" width=\"427\" height=\"427\" title=\"Samuel-Jimenez\" src=\"https:\/\/globalpacta.com\/wp-content\/uploads\/2015\/02\/Samuel-Jimenez.jpeg\" alt class=\"img-responsive wp-image-21109\" srcset=\"https:\/\/globalpacta.com\/wp-content\/uploads\/2015\/02\/Samuel-Jimenez-200x200.jpeg 200w, https:\/\/globalpacta.com\/wp-content\/uploads\/2015\/02\/Samuel-Jimenez-400x400.jpeg 400w, https:\/\/globalpacta.com\/wp-content\/uploads\/2015\/02\/Samuel-Jimenez.jpeg 427w\" sizes=\"(max-width: 800px) 100vw, 427px\" \/><\/span><\/div><div class=\"fusion-clearfix\"><\/div><\/div><\/div><div class=\"fusion-layout-column fusion_builder_column fusion-builder-column-1 fusion_builder_column_1_2 1_2 fusion-one-half fusion-column-last\" style=\"--awb-bg-size:cover;width:48%;\"><div class=\"fusion-column-wrapper fusion-flex-column-wrapper-legacy\"><div class=\"fusion-text fusion-text-1\"><p><strong>\u00c9conomiste. Associ\u00e9<br \/>\n<\/strong><\/p>\n<p>Samuel Jim\u00e9nez intervient dans tous types d&rsquo;op\u00e9rations relevant du domaine \u00e9conomique et dans le contr\u00f4le de gestion des entreprises.\u00a0Il poss\u00e8de une exp\u00e9rience av\u00e9r\u00e9e dans le domaine de l&rsquo;analyse \u00e9conomique et budg\u00e9taire et dans l&rsquo;\u00e9laboration d&rsquo;indicateurs et de tableaux de bord pour optimiser la prise de d\u00e9cision de la direction. En outre, il traite \u00e9galement la comptabilit\u00e9 et la fiscalit\u00e9 des fondations et des associations.<\/p>\n<p>Il est membre de l&rsquo;Ordre des \u00e9conomistes de Catalogne.<\/p>\n<p>Il fait partie de l&rsquo;\u00e9quipe de globalpacta depuis 2016.<\/p>\n<p><strong>Formaci\u00f3n acad\u00e9mica<\/strong><strong>\u00a0<\/strong><\/p>\n<p>&#8211; Ma\u00eetrise en \u00e9conomie \u00e0 l&rsquo;UNED.<\/p>\n<p>-Cours de direction et de gestion des PME \u00e0 l&rsquo;EAE 2004-2005.<\/p>\n<p>-\u00c9tudes de troisi\u00e8me cycle en direction comptable et contr\u00f4le de gestion \u00e0 l&rsquo;Universit\u00e9 Pompeu Fabra, 2010-2011.<\/p>\n<p>-Cours de perfectionnement de controller, CEF, 2014.<\/p>\n<p><strong>Enseignement<\/strong><\/p>\n<ul>\n<li>Professeur du service comptable du Syndicat des installateurs du Baix Llobregat.<\/li>\n<\/ul>\n<p><strong>Langues <\/strong><\/p>\n<p>Espagnol, catalan et anglais.<\/p>\n<\/div><div class=\"fusion-clearfix\"><\/div><\/div><\/div><\/div><\/div>\n","protected":false},"excerpt":{"rendered":"","protected":false},"author":3,"featured_media":0,"parent":7210,"menu_order":0,"comment_status":"open","ping_status":"open","template":"","meta":{"_exactmetrics_skip_tracking":false,"_exactmetrics_sitenote_active":false,"_exactmetrics_sitenote_note":"","_exactmetrics_sitenote_category":0,"footnotes":""},"_links":{"self":[{"href":"https:\/\/globalpacta.com\/fr\/wp-json\/wp\/v2\/pages\/7753"}],"collection":[{"href":"https:\/\/globalpacta.com\/fr\/wp-json\/wp\/v2\/pages"}],"about":[{"href":"https:\/\/globalpacta.com\/fr\/wp-json\/wp\/v2\/types\/page"}],"author":[{"embeddable":true,"href":"https:\/\/globalpacta.com\/fr\/wp-json\/wp\/v2\/users\/3"}],"replies":[{"embeddable":true,"href":"https:\/\/globalpacta.com\/fr\/wp-json\/wp\/v2\/comments?post=7753"}],"version-history":[{"count":2,"href":"https:\/\/globalpacta.com\/fr\/wp-json\/wp\/v2\/pages\/7753\/revisions"}],"predecessor-version":[{"id":8256,"href":"https:\/\/globalpacta.com\/fr\/wp-json\/wp\/v2\/pages\/7753\/revisions\/8256"}],"up":[{"embeddable":true,"href":"https:\/\/globalpacta.com\/fr\/wp-json\/wp\/v2\/pages\/7210"}],"wp:attachment":[{"href":"https:\/\/globalpacta.com\/fr\/wp-json\/wp\/v2\/media?parent=7753"}],"curies":[{"name":"wp","href":"https:\/\/api.w.org\/{rel}","templated":true}]}}