{"id":9717,"date":"2018-05-07T10:55:02","date_gmt":"2018-05-07T10:55:02","guid":{"rendered":"http:\/\/globalpacta.com?page_id=9717"},"modified":"2018-05-07T10:55:02","modified_gmt":"2018-05-07T10:55:02","slug":"denis-makarov","status":"publish","type":"page","link":"https:\/\/globalpacta.com\/fr\/equipo-2\/denis-makarov\/","title":{"rendered":"DENIS MAKAROV"},"content":{"rendered":"<div class=\"fusion-fullwidth fullwidth-box fusion-builder-row-1 gp-single-team nonhundred-percent-fullwidth non-hundred-percent-height-scrolling\" style=\"--awb-background-position:left top;--awb-border-radius-top-left:0px;--awb-border-radius-top-right:0px;--awb-border-radius-bottom-right:0px;--awb-border-radius-bottom-left:0px;--awb-padding-top:20px;--awb-padding-bottom:20px;--awb-border-sizes-top:0px;--awb-border-sizes-bottom:0px;--awb-flex-wrap:wrap;\" ><div class=\"fusion-builder-row fusion-row\"><div class=\"fusion-layout-column fusion_builder_column fusion-builder-column-0 fusion_builder_column_1_2 1_2 fusion-one-half fusion-column-first\" style=\"--awb-bg-size:cover;width:48%; margin-right: 4%;\"><div class=\"fusion-column-wrapper fusion-flex-column-wrapper-legacy\"><div class=\"fusion-image-element fusion-image-align-right in-legacy-container\" style=\"text-align:right;--awb-caption-title-font-family:var(--h2_typography-font-family);--awb-caption-title-font-weight:var(--h2_typography-font-weight);--awb-caption-title-font-style:var(--h2_typography-font-style);--awb-caption-title-size:var(--h2_typography-font-size);--awb-caption-title-transform:var(--h2_typography-text-transform);--awb-caption-title-line-height:var(--h2_typography-line-height);--awb-caption-title-letter-spacing:var(--h2_typography-letter-spacing);\"><span class=\" fusion-imageframe imageframe-none imageframe-1 hover-type-none\" style=\"margin-left:25px;float:right;\"><img decoding=\"async\" width=\"362\" height=\"362\" title=\"FOTO DENIS retocada\" src=\"http:\/\/globalpacta.com\/wp-content\/uploads\/2018\/05\/FOTO-DENIS-retocada.jpg\" alt class=\"img-responsive wp-image-9724\" srcset=\"https:\/\/globalpacta.com\/wp-content\/uploads\/2018\/05\/FOTO-DENIS-retocada-200x200.jpg 200w, https:\/\/globalpacta.com\/wp-content\/uploads\/2018\/05\/FOTO-DENIS-retocada.jpg 362w\" sizes=\"(max-width: 800px) 100vw, 362px\" \/><\/span><\/div><div class=\"fusion-clearfix\"><\/div><\/div><\/div><div class=\"fusion-layout-column fusion_builder_column fusion-builder-column-1 fusion_builder_column_1_2 1_2 fusion-one-half fusion-column-last\" style=\"--awb-bg-size:cover;width:48%;\"><div class=\"fusion-column-wrapper fusion-flex-column-wrapper-legacy\"><div class=\"fusion-text fusion-text-1\"><p><strong>Avocat<\/strong><\/p>\n<p>Denis Makarov est un avocat avec une grande exp\u00e9rience professionnelle dans le monde de l\u2019entreprise.<\/p>\n<p>Il est particuli\u00e8rement efficace dans ses services conseils pour la planification strat\u00e9gique et l\u2019analyse de viabilit\u00e9, fusions et acquisitions, restructuration des entreprises, mais \u00e9galement la constitution et le conseil des holdings et filiales. Il a g\u00e9r\u00e9 la r\u00e9daction et la r\u00e9vision de nombreux accords commerciaux de diff\u00e9rentes natures, notamment les accords de pr\u00eats, nantissement, avance, marque d\u00e9pos\u00e9e, licence technologique, troc et investissement ; Planification transactionnelle, structuration et financement pour optimiser les politiques fiscales en faveur des clients ; Repr\u00e9sentation des int\u00e9r\u00eats du client dans les proc\u00e9dures d\u2019arbitrage et dans la juridiction ordinaire ; Banque et finances, Droit civil, Droit commercial, Droit contractuel, Droit commercial international.<\/p>\n<p>Cr\u00e9atif dans son choix de m\u00e9thode d\u2019action, il est pers\u00e9v\u00e9rant pour r\u00e9soudre les affaires ou obtenir un objectif avec de grandes capacit\u00e9s communicatives.<\/p>\n<p>Il int\u00e8gre l\u2019\u00e9quipe de globalpacta en 2018.<\/p>\n<p><strong>Formation acad\u00e9mique<\/strong><\/p>\n<ul>\n<li>Facult\u00e9 de Droit. St. Petersburg State University (1994-1997).<\/li>\n<li>Gestionnaire des relations \u00e9conomiques \u00e9trang\u00e8res, certification. Bank school of Industry &amp; Construction Bank (1994-1996).<\/li>\n<li>Facult\u00e9 de technologie a\u00e9rospatiale et science de polym\u00e8res. Saint-Petersburg Baltic State University (1988-1992).<\/li>\n<\/ul>\n<p><strong>Langues<\/strong><\/p>\n<p>Russe, anglais et espagnol.<\/p>\n<\/div><div class=\"fusion-clearfix\"><\/div><\/div><\/div><\/div><\/div>\n","protected":false},"excerpt":{"rendered":"","protected":false},"author":3,"featured_media":0,"parent":7210,"menu_order":0,"comment_status":"open","ping_status":"open","template":"","meta":{"_exactmetrics_skip_tracking":false,"_exactmetrics_sitenote_active":false,"_exactmetrics_sitenote_note":"","_exactmetrics_sitenote_category":0,"footnotes":""},"_links":{"self":[{"href":"https:\/\/globalpacta.com\/fr\/wp-json\/wp\/v2\/pages\/9717"}],"collection":[{"href":"https:\/\/globalpacta.com\/fr\/wp-json\/wp\/v2\/pages"}],"about":[{"href":"https:\/\/globalpacta.com\/fr\/wp-json\/wp\/v2\/types\/page"}],"author":[{"embeddable":true,"href":"https:\/\/globalpacta.com\/fr\/wp-json\/wp\/v2\/users\/3"}],"replies":[{"embeddable":true,"href":"https:\/\/globalpacta.com\/fr\/wp-json\/wp\/v2\/comments?post=9717"}],"version-history":[{"count":1,"href":"https:\/\/globalpacta.com\/fr\/wp-json\/wp\/v2\/pages\/9717\/revisions"}],"predecessor-version":[{"id":9737,"href":"https:\/\/globalpacta.com\/fr\/wp-json\/wp\/v2\/pages\/9717\/revisions\/9737"}],"up":[{"embeddable":true,"href":"https:\/\/globalpacta.com\/fr\/wp-json\/wp\/v2\/pages\/7210"}],"wp:attachment":[{"href":"https:\/\/globalpacta.com\/fr\/wp-json\/wp\/v2\/media?parent=9717"}],"curies":[{"name":"wp","href":"https:\/\/api.w.org\/{rel}","templated":true}]}}